{"id":944,"date":"2024-11-27T07:30:34","date_gmt":"2024-11-27T07:30:34","guid":{"rendered":"https:\/\/albaganadera.com\/productos\/chorizo-bio\/"},"modified":"2026-02-17T11:33:08","modified_gmt":"2026-02-17T11:33:08","slug":"chorizo-bio","status":"publish","type":"page","link":"https:\/\/albaganadera.com\/fr\/productos\/chorizo-bio\/","title":{"rendered":"Chorizo Bio"},"content":{"rendered":"\t\t<div data-elementor-type=\"wp-page\" data-elementor-id=\"944\" class=\"elementor elementor-944 elementor-332\" data-elementor-post-type=\"page\">\n\t\t\t\t<div class=\"elementor-element elementor-element-64c84a4 e-flex e-con-boxed e-con e-parent\" data-id=\"64c84a4\" data-element_type=\"container\" data-e-type=\"container\">\n\t\t\t\t\t<div class=\"e-con-inner\">\n\t\t\t\t<div class=\"elementor-element elementor-element-3a4b022 elementor-widget elementor-widget-spacer\" data-id=\"3a4b022\" data-element_type=\"widget\" data-e-type=\"widget\" data-widget_type=\"spacer.default\">\n\t\t\t\t<div class=\"elementor-widget-container\">\n\t\t\t\t\t\t\t<div class=\"elementor-spacer\">\n\t\t\t<div class=\"elementor-spacer-inner\"><\/div>\n\t\t<\/div>\n\t\t\t\t\t\t<\/div>\n\t\t\t\t<\/div>\n\t\t\t\t<div class=\"elementor-element elementor-element-c05808a elementor-widget elementor-widget-heading\" data-id=\"c05808a\" data-element_type=\"widget\" data-e-type=\"widget\" data-widget_type=\"heading.default\">\n\t\t\t\t<div class=\"elementor-widget-container\">\n\t\t\t\t\t<h1 class=\"elementor-heading-title elementor-size-default\">Chorizo Bio<\/h1>\t\t\t\t<\/div>\n\t\t\t\t<\/div>\n\t\t\t\t\t<\/div>\n\t\t\t\t<\/div>\n\t\t<div class=\"elementor-element elementor-element-7f8dcbb e-flex e-con-boxed e-con e-parent\" data-id=\"7f8dcbb\" data-element_type=\"container\" data-e-type=\"container\">\n\t\t\t\t\t<div class=\"e-con-inner\">\n\t\t<div class=\"elementor-element elementor-element-88cf72d e-con-full e-flex e-con e-child\" data-id=\"88cf72d\" data-element_type=\"container\" data-e-type=\"container\">\n\t\t\t\t<div class=\"elementor-element elementor-element-7117c70 elementor-widget elementor-widget-gallery\" data-id=\"7117c70\" data-element_type=\"widget\" data-e-type=\"widget\" data-settings=\"{&quot;gallery_layout&quot;:&quot;masonry&quot;,&quot;columns&quot;:2,&quot;lazyload&quot;:&quot;yes&quot;,&quot;columns_tablet&quot;:2,&quot;columns_mobile&quot;:1,&quot;gap&quot;:{&quot;unit&quot;:&quot;px&quot;,&quot;size&quot;:10,&quot;sizes&quot;:[]},&quot;gap_tablet&quot;:{&quot;unit&quot;:&quot;px&quot;,&quot;size&quot;:10,&quot;sizes&quot;:[]},&quot;gap_mobile&quot;:{&quot;unit&quot;:&quot;px&quot;,&quot;size&quot;:10,&quot;sizes&quot;:[]},&quot;link_to&quot;:&quot;file&quot;,&quot;overlay_background&quot;:&quot;yes&quot;,&quot;content_hover_animation&quot;:&quot;fade-in&quot;}\" data-widget_type=\"gallery.default\">\n\t\t\t\t<div class=\"elementor-widget-container\">\n\t\t\t\t\t\t\t<div class=\"elementor-gallery__container\">\n\t\t\t\t\t\t\t<a class=\"e-gallery-item elementor-gallery-item elementor-animated-content\" href=\"https:\/\/albaganadera.com\/wp-content\/uploads\/2024\/11\/CHORIZO-FOTO-1.jpg\" data-elementor-open-lightbox=\"yes\" data-elementor-lightbox-slideshow=\"7117c70\" data-elementor-lightbox-title=\"CHORIZO FOTO 1\" data-e-action-hash=\"#elementor-action%3Aaction%3Dlightbox%26settings%3DeyJpZCI6MzM5LCJ1cmwiOiJodHRwczpcL1wvYWxiYWdhbmFkZXJhLmNvbVwvd3AtY29udGVudFwvdXBsb2Fkc1wvMjAyNFwvMTFcL0NIT1JJWk8tRk9UTy0xLmpwZyIsInNsaWRlc2hvdyI6IjcxMTdjNzAifQ%3D%3D\">\n\t\t\t\t\t<div class=\"e-gallery-image elementor-gallery-item__image\" data-thumbnail=\"https:\/\/albaganadera.com\/wp-content\/uploads\/2024\/11\/CHORIZO-FOTO-1-300x200.jpg\" data-width=\"300\" data-height=\"200\" aria-label=\"\" role=\"img\" ><\/div>\n\t\t\t\t\t\t\t\t\t\t\t<div class=\"elementor-gallery-item__overlay\"><\/div>\n\t\t\t\t\t\t\t\t\t\t\t\t\t\t<\/a>\n\t\t\t\t\t\t\t<a class=\"e-gallery-item elementor-gallery-item elementor-animated-content\" href=\"https:\/\/albaganadera.com\/wp-content\/uploads\/2024\/11\/CHORIZO-FOTO-2.jpg\" data-elementor-open-lightbox=\"yes\" data-elementor-lightbox-slideshow=\"7117c70\" data-elementor-lightbox-title=\"CHORIZO FOTO 2\" data-e-action-hash=\"#elementor-action%3Aaction%3Dlightbox%26settings%3DeyJpZCI6MzQzLCJ1cmwiOiJodHRwczpcL1wvYWxiYWdhbmFkZXJhLmNvbVwvd3AtY29udGVudFwvdXBsb2Fkc1wvMjAyNFwvMTFcL0NIT1JJWk8tRk9UTy0yLmpwZyIsInNsaWRlc2hvdyI6IjcxMTdjNzAifQ%3D%3D\">\n\t\t\t\t\t<div class=\"e-gallery-image elementor-gallery-item__image\" data-thumbnail=\"https:\/\/albaganadera.com\/wp-content\/uploads\/2024\/11\/CHORIZO-FOTO-2-200x300.jpg\" data-width=\"200\" data-height=\"300\" aria-label=\"\" role=\"img\" ><\/div>\n\t\t\t\t\t\t\t\t\t\t\t<div class=\"elementor-gallery-item__overlay\"><\/div>\n\t\t\t\t\t\t\t\t\t\t\t\t\t\t<\/a>\n\t\t\t\t\t<\/div>\n\t\t\t\t\t<\/div>\n\t\t\t\t<\/div>\n\t\t\t\t<\/div>\n\t\t<div class=\"elementor-element elementor-element-342a4f9 e-con-full e-flex e-con e-child\" data-id=\"342a4f9\" data-element_type=\"container\" data-e-type=\"container\">\n\t\t\t\t<div class=\"elementor-element elementor-element-8524218 elementor-widget elementor-widget-text-editor\" data-id=\"8524218\" data-element_type=\"widget\" data-e-type=\"widget\" data-widget_type=\"text-editor.default\">\n\t\t\t\t<div class=\"elementor-widget-container\">\n\t\t\t\t\t\t\t\t\t<p>D\u00e9couvrez la saveur authentique de notre Chorizo \u200b\u200bBio, \u00e9labor\u00e9 \u00e0 partir de viande de porcs \u00e9lev\u00e9s dans nos propres fermes selon des normes d&rsquo;agriculture biologique rigoureuses. Nourris exclusivement de c\u00e9r\u00e9ales, de l\u00e9gumineuses et de fourrage biologiques, nous vous garantissons un produit nutritif et d\u00e9licieux.<\/p><p>Notre chorizo \u200b\u200best sans antibiotiques, sans OGM, sans conservateurs et sans colorants artificiels. Un m\u00e9lange d&rsquo;\u00e9pices traditionnelles sublime sa saveur naturelle, pour une exp\u00e9rience gustative incomparable.<\/p><p>Chez Sue\u00f1os de Alba Ganadera, nous sommes engag\u00e9s en faveur du d\u00e9veloppement durable et de la qualit\u00e9. Chaque chorizo \u200b\u200bporte le label certifiant son origine biologique, vous assurant ainsi de choisir un produit issu d&rsquo;une production responsable.<\/p><p>Id\u00e9al \u00e0 partager en tapas ou \u00e0 d\u00e9guster seul, notre Chorizo \u200b\u200bBio est un v\u00e9ritable tr\u00e9sor de la gastronomie espagnole.<\/p>\t\t\t\t\t\t\t\t<\/div>\n\t\t\t\t<\/div>\n\t\t\t\t<\/div>\n\t\t\t\t\t<\/div>\n\t\t\t\t<\/div>\n\t\t\t\t<\/div>\n\t\t","protected":false},"excerpt":{"rendered":"<p>D\u00e9couvrez la saveur authentique de notre Chorizo \u200b\u200bBio, \u00e9labor\u00e9 \u00e0 partir de viande de porcs \u00e9lev\u00e9s dans nos propres fermes selon des normes d&rsquo;agriculture biologique rigoureuses. Nourris exclusivement de c\u00e9r\u00e9ales, de l\u00e9gumineuses et de fourrage biologiques, nous vous garantissons un produit nutritif et d\u00e9licieux. Notre chorizo \u200b\u200best sans antibiotiques, sans OGM, sans conservateurs et sans [&hellip;]<\/p>\n","protected":false},"author":1,"featured_media":0,"parent":420,"menu_order":0,"comment_status":"closed","ping_status":"closed","template":"","meta":{"footnotes":""},"class_list":["post-944","page","type-page","status-publish","hentry"],"_links":{"self":[{"href":"https:\/\/albaganadera.com\/fr\/wp-json\/wp\/v2\/pages\/944","targetHints":{"allow":["GET"]}}],"collection":[{"href":"https:\/\/albaganadera.com\/fr\/wp-json\/wp\/v2\/pages"}],"about":[{"href":"https:\/\/albaganadera.com\/fr\/wp-json\/wp\/v2\/types\/page"}],"author":[{"embeddable":true,"href":"https:\/\/albaganadera.com\/fr\/wp-json\/wp\/v2\/users\/1"}],"replies":[{"embeddable":true,"href":"https:\/\/albaganadera.com\/fr\/wp-json\/wp\/v2\/comments?post=944"}],"version-history":[{"count":4,"href":"https:\/\/albaganadera.com\/fr\/wp-json\/wp\/v2\/pages\/944\/revisions"}],"predecessor-version":[{"id":949,"href":"https:\/\/albaganadera.com\/fr\/wp-json\/wp\/v2\/pages\/944\/revisions\/949"}],"up":[{"embeddable":true,"href":"https:\/\/albaganadera.com\/fr\/wp-json\/wp\/v2\/pages\/420"}],"wp:attachment":[{"href":"https:\/\/albaganadera.com\/fr\/wp-json\/wp\/v2\/media?parent=944"}],"curies":[{"name":"wp","href":"https:\/\/api.w.org\/{rel}","templated":true}]}}