{"id":405,"date":"2024-12-09T20:10:50","date_gmt":"2024-12-09T20:10:50","guid":{"rendered":"https:\/\/albaganadera.com\/fuet-bio\/"},"modified":"2026-02-07T12:05:32","modified_gmt":"2026-02-07T12:05:32","slug":"fuet-bio","status":"publish","type":"page","link":"https:\/\/albaganadera.com\/fr\/productos\/fuet-bio\/","title":{"rendered":"Fuet Bio"},"content":{"rendered":"\t\t<div data-elementor-type=\"wp-page\" data-elementor-id=\"405\" class=\"elementor elementor-405 elementor-387\" data-elementor-post-type=\"page\">\n\t\t\t\t<div class=\"elementor-element elementor-element-1c53bce e-flex e-con-boxed e-con e-parent\" data-id=\"1c53bce\" data-element_type=\"container\" data-e-type=\"container\">\n\t\t\t\t\t<div class=\"e-con-inner\">\n\t\t\t\t<div class=\"elementor-element elementor-element-842366a elementor-widget elementor-widget-spacer\" data-id=\"842366a\" data-element_type=\"widget\" data-e-type=\"widget\" data-widget_type=\"spacer.default\">\n\t\t\t\t<div class=\"elementor-widget-container\">\n\t\t\t\t\t\t\t<div class=\"elementor-spacer\">\n\t\t\t<div class=\"elementor-spacer-inner\"><\/div>\n\t\t<\/div>\n\t\t\t\t\t\t<\/div>\n\t\t\t\t<\/div>\n\t\t\t\t<div class=\"elementor-element elementor-element-5fddf58 elementor-widget elementor-widget-heading\" data-id=\"5fddf58\" data-element_type=\"widget\" data-e-type=\"widget\" data-widget_type=\"heading.default\">\n\t\t\t\t<div class=\"elementor-widget-container\">\n\t\t\t\t\t<h1 class=\"elementor-heading-title elementor-size-default\">Fuet Bio<\/h1>\t\t\t\t<\/div>\n\t\t\t\t<\/div>\n\t\t\t\t\t<\/div>\n\t\t\t\t<\/div>\n\t\t<div class=\"elementor-element elementor-element-649242b e-flex e-con-boxed e-con e-parent\" data-id=\"649242b\" data-element_type=\"container\" data-e-type=\"container\">\n\t\t\t\t\t<div class=\"e-con-inner\">\n\t\t<div class=\"elementor-element elementor-element-d8fe81a e-con-full e-flex e-con e-child\" data-id=\"d8fe81a\" data-element_type=\"container\" data-e-type=\"container\">\n\t\t\t\t<div class=\"elementor-element elementor-element-d1c4b0d elementor-widget elementor-widget-gallery\" data-id=\"d1c4b0d\" data-element_type=\"widget\" data-e-type=\"widget\" data-settings=\"{&quot;gallery_layout&quot;:&quot;masonry&quot;,&quot;columns&quot;:2,&quot;lazyload&quot;:&quot;yes&quot;,&quot;columns_tablet&quot;:2,&quot;columns_mobile&quot;:1,&quot;gap&quot;:{&quot;unit&quot;:&quot;px&quot;,&quot;size&quot;:10,&quot;sizes&quot;:[]},&quot;gap_tablet&quot;:{&quot;unit&quot;:&quot;px&quot;,&quot;size&quot;:10,&quot;sizes&quot;:[]},&quot;gap_mobile&quot;:{&quot;unit&quot;:&quot;px&quot;,&quot;size&quot;:10,&quot;sizes&quot;:[]},&quot;link_to&quot;:&quot;file&quot;,&quot;overlay_background&quot;:&quot;yes&quot;,&quot;content_hover_animation&quot;:&quot;fade-in&quot;}\" data-widget_type=\"gallery.default\">\n\t\t\t\t<div class=\"elementor-widget-container\">\n\t\t\t\t\t\t\t<div class=\"elementor-gallery__container\">\n\t\t\t\t\t\t\t<a class=\"e-gallery-item elementor-gallery-item elementor-animated-content\" href=\"https:\/\/albaganadera.com\/wp-content\/uploads\/2024\/12\/FUET-FOTO-1.jpg\" data-elementor-open-lightbox=\"yes\" data-elementor-lightbox-slideshow=\"d1c4b0d\" data-elementor-lightbox-title=\"FUET FOTO 1\" data-e-action-hash=\"#elementor-action%3Aaction%3Dlightbox%26settings%3DeyJpZCI6Mzk0LCJ1cmwiOiJodHRwczpcL1wvYWxiYWdhbmFkZXJhLmNvbVwvd3AtY29udGVudFwvdXBsb2Fkc1wvMjAyNFwvMTJcL0ZVRVQtRk9UTy0xLmpwZyIsInNsaWRlc2hvdyI6ImQxYzRiMGQifQ%3D%3D\">\n\t\t\t\t\t<div class=\"e-gallery-image elementor-gallery-item__image\" data-thumbnail=\"https:\/\/albaganadera.com\/wp-content\/uploads\/2024\/12\/FUET-FOTO-1-300x300.jpg\" data-width=\"300\" data-height=\"300\" aria-label=\"\" role=\"img\" ><\/div>\n\t\t\t\t\t\t\t\t\t\t\t<div class=\"elementor-gallery-item__overlay\"><\/div>\n\t\t\t\t\t\t\t\t\t\t\t\t\t\t<\/a>\n\t\t\t\t\t\t\t<a class=\"e-gallery-item elementor-gallery-item elementor-animated-content\" href=\"https:\/\/albaganadera.com\/wp-content\/uploads\/2024\/12\/FUET-FOTO-2.jpg\" data-elementor-open-lightbox=\"yes\" data-elementor-lightbox-slideshow=\"d1c4b0d\" data-elementor-lightbox-title=\"FUET FOTO 2\" data-e-action-hash=\"#elementor-action%3Aaction%3Dlightbox%26settings%3DeyJpZCI6Mzk4LCJ1cmwiOiJodHRwczpcL1wvYWxiYWdhbmFkZXJhLmNvbVwvd3AtY29udGVudFwvdXBsb2Fkc1wvMjAyNFwvMTJcL0ZVRVQtRk9UTy0yLmpwZyIsInNsaWRlc2hvdyI6ImQxYzRiMGQifQ%3D%3D\">\n\t\t\t\t\t<div class=\"e-gallery-image elementor-gallery-item__image\" data-thumbnail=\"https:\/\/albaganadera.com\/wp-content\/uploads\/2024\/12\/FUET-FOTO-2-300x200.jpg\" data-width=\"300\" data-height=\"200\" aria-label=\"\" role=\"img\" ><\/div>\n\t\t\t\t\t\t\t\t\t\t\t<div class=\"elementor-gallery-item__overlay\"><\/div>\n\t\t\t\t\t\t\t\t\t\t\t\t\t\t<\/a>\n\t\t\t\t\t<\/div>\n\t\t\t\t\t<\/div>\n\t\t\t\t<\/div>\n\t\t\t\t<\/div>\n\t\t<div class=\"elementor-element elementor-element-ba69496 e-con-full e-flex e-con e-child\" data-id=\"ba69496\" data-element_type=\"container\" data-e-type=\"container\">\n\t\t\t\t<div class=\"elementor-element elementor-element-d2e0e57 elementor-widget elementor-widget-text-editor\" data-id=\"d2e0e57\" data-element_type=\"widget\" data-e-type=\"widget\" data-widget_type=\"text-editor.default\">\n\t\t\t\t<div class=\"elementor-widget-container\">\n\t\t\t\t\t\t\t\t\t<p>Plongez dans l&rsquo;histoire et la saveur de notre Fuet Bio, une saucisse qui refl\u00e8te l&rsquo;art de la charcuterie espagnole. Ce d\u00e9licat fuet est \u00e9labor\u00e9 selon des m\u00e9thodes artisanales transmises de g\u00e9n\u00e9ration en g\u00e9n\u00e9ration, ce qui permet \u00e0 chaque pi\u00e8ce de capturer l&rsquo;essence de nos racines. <\/p><p>\u00c9labor\u00e9 \u00e0 partir de viande de porcs \u00e9lev\u00e9s dans nos propres fermes et nourris exclusivement de c\u00e9r\u00e9ales, de l\u00e9gumineuses et de fourrage biologiques, notre Fuet Bio se distingue par sa puret\u00e9 et sa qualit\u00e9. Exempt d&rsquo;antibiotiques, d&rsquo;OGM, de conservateurs et de colorants artificiels, le go\u00fbt naturel de la viande est rehauss\u00e9 par un savant m\u00e9lange de poivre blanc et de poivre noir, ce qui cr\u00e9e une exp\u00e9rience gustative unique. <\/p><p>Chez <strong>Sue\u00f1os de Alba Ganadera<\/strong>, nous nous engageons \u00e0 respecter le riche h\u00e9ritage de ce produit. Chaque fuet porte le sceau qui certifie son origine biologique, ce qui garantit que vous choisissez un saucisson responsable et d\u00e9licieux. <\/p><p>Id\u00e9al pour \u00eatre d\u00e9gust\u00e9 seul, dans des tapas ou dans un plateau de charcuterie, notre Fuet Bio est un v\u00e9ritable hommage au go\u00fbt authentique de la charcuterie espagnole.<\/p>\t\t\t\t\t\t\t\t<\/div>\n\t\t\t\t<\/div>\n\t\t\t\t<\/div>\n\t\t\t\t\t<\/div>\n\t\t\t\t<\/div>\n\t\t\t\t<\/div>\n\t\t","protected":false},"excerpt":{"rendered":"<p>Plongez dans l&rsquo;histoire et la saveur de notre Fuet Bio, une saucisse qui refl\u00e8te l&rsquo;art de la charcuterie espagnole. Ce d\u00e9licat fuet est \u00e9labor\u00e9 selon des m\u00e9thodes artisanales transmises de g\u00e9n\u00e9ration en g\u00e9n\u00e9ration, ce qui permet \u00e0 chaque pi\u00e8ce de capturer l&rsquo;essence de nos racines. \u00c9labor\u00e9 \u00e0 partir de viande de porcs \u00e9lev\u00e9s dans nos [&hellip;]<\/p>\n","protected":false},"author":1,"featured_media":0,"parent":420,"menu_order":0,"comment_status":"closed","ping_status":"closed","template":"","meta":{"footnotes":""},"class_list":["post-405","page","type-page","status-publish","hentry"],"_links":{"self":[{"href":"https:\/\/albaganadera.com\/fr\/wp-json\/wp\/v2\/pages\/405","targetHints":{"allow":["GET"]}}],"collection":[{"href":"https:\/\/albaganadera.com\/fr\/wp-json\/wp\/v2\/pages"}],"about":[{"href":"https:\/\/albaganadera.com\/fr\/wp-json\/wp\/v2\/types\/page"}],"author":[{"embeddable":true,"href":"https:\/\/albaganadera.com\/fr\/wp-json\/wp\/v2\/users\/1"}],"replies":[{"embeddable":true,"href":"https:\/\/albaganadera.com\/fr\/wp-json\/wp\/v2\/comments?post=405"}],"version-history":[{"count":2,"href":"https:\/\/albaganadera.com\/fr\/wp-json\/wp\/v2\/pages\/405\/revisions"}],"predecessor-version":[{"id":671,"href":"https:\/\/albaganadera.com\/fr\/wp-json\/wp\/v2\/pages\/405\/revisions\/671"}],"up":[{"embeddable":true,"href":"https:\/\/albaganadera.com\/fr\/wp-json\/wp\/v2\/pages\/420"}],"wp:attachment":[{"href":"https:\/\/albaganadera.com\/fr\/wp-json\/wp\/v2\/media?parent=405"}],"curies":[{"name":"wp","href":"https:\/\/api.w.org\/{rel}","templated":true}]}}