{"id":383,"date":"2024-11-27T07:16:13","date_gmt":"2024-11-27T07:16:13","guid":{"rendered":"https:\/\/albaganadera.com\/jambon-serrano-bio\/"},"modified":"2026-02-07T14:18:05","modified_gmt":"2026-02-07T14:18:05","slug":"jambon-serrano-bio","status":"publish","type":"page","link":"https:\/\/albaganadera.com\/fr\/productos\/jambon-serrano-bio\/","title":{"rendered":"Jambon Serrano Bio"},"content":{"rendered":"\t\t<div data-elementor-type=\"wp-page\" data-elementor-id=\"383\" class=\"elementor elementor-383 elementor-285\" data-elementor-post-type=\"page\">\n\t\t\t\t<div class=\"elementor-element elementor-element-4620d46 e-flex e-con-boxed e-con e-parent\" data-id=\"4620d46\" data-element_type=\"container\" data-e-type=\"container\">\n\t\t\t\t\t<div class=\"e-con-inner\">\n\t\t\t\t<div class=\"elementor-element elementor-element-8caff58 elementor-widget elementor-widget-spacer\" data-id=\"8caff58\" data-element_type=\"widget\" data-e-type=\"widget\" data-widget_type=\"spacer.default\">\n\t\t\t\t<div class=\"elementor-widget-container\">\n\t\t\t\t\t\t\t<div class=\"elementor-spacer\">\n\t\t\t<div class=\"elementor-spacer-inner\"><\/div>\n\t\t<\/div>\n\t\t\t\t\t\t<\/div>\n\t\t\t\t<\/div>\n\t\t\t\t<div class=\"elementor-element elementor-element-a32f66b elementor-widget elementor-widget-heading\" data-id=\"a32f66b\" data-element_type=\"widget\" data-e-type=\"widget\" data-widget_type=\"heading.default\">\n\t\t\t\t<div class=\"elementor-widget-container\">\n\t\t\t\t\t<h1 class=\"elementor-heading-title elementor-size-default\">Jambon Serrano Bio<\/h1>\t\t\t\t<\/div>\n\t\t\t\t<\/div>\n\t\t\t\t\t<\/div>\n\t\t\t\t<\/div>\n\t\t<div class=\"elementor-element elementor-element-0be603d e-flex e-con-boxed e-con e-parent\" data-id=\"0be603d\" data-element_type=\"container\" data-e-type=\"container\">\n\t\t\t\t\t<div class=\"e-con-inner\">\n\t\t<div class=\"elementor-element elementor-element-36cc768 e-con-full e-flex e-con e-child\" data-id=\"36cc768\" data-element_type=\"container\" data-e-type=\"container\">\n\t\t\t\t<div class=\"elementor-element elementor-element-29eac53 elementor-widget elementor-widget-gallery\" data-id=\"29eac53\" data-element_type=\"widget\" data-e-type=\"widget\" data-settings=\"{&quot;gallery_layout&quot;:&quot;masonry&quot;,&quot;columns&quot;:2,&quot;lazyload&quot;:&quot;yes&quot;,&quot;columns_tablet&quot;:2,&quot;columns_mobile&quot;:1,&quot;gap&quot;:{&quot;unit&quot;:&quot;px&quot;,&quot;size&quot;:10,&quot;sizes&quot;:[]},&quot;gap_tablet&quot;:{&quot;unit&quot;:&quot;px&quot;,&quot;size&quot;:10,&quot;sizes&quot;:[]},&quot;gap_mobile&quot;:{&quot;unit&quot;:&quot;px&quot;,&quot;size&quot;:10,&quot;sizes&quot;:[]},&quot;link_to&quot;:&quot;file&quot;,&quot;overlay_background&quot;:&quot;yes&quot;,&quot;content_hover_animation&quot;:&quot;fade-in&quot;}\" data-widget_type=\"gallery.default\">\n\t\t\t\t<div class=\"elementor-widget-container\">\n\t\t\t\t\t\t\t<div class=\"elementor-gallery__container\">\n\t\t\t\t\t\t\t<a class=\"e-gallery-item elementor-gallery-item elementor-animated-content\" href=\"https:\/\/albaganadera.com\/wp-content\/uploads\/2024\/11\/JAMON-FOTO-1.jpg\" data-elementor-open-lightbox=\"yes\" data-elementor-lightbox-slideshow=\"29eac53\" data-elementor-lightbox-title=\"JAMON FOTO 1\" data-e-action-hash=\"#elementor-action%3Aaction%3Dlightbox%26settings%3DeyJpZCI6Mjk2LCJ1cmwiOiJodHRwczpcL1wvYWxiYWdhbmFkZXJhLmNvbVwvd3AtY29udGVudFwvdXBsb2Fkc1wvMjAyNFwvMTFcL0pBTU9OLUZPVE8tMS5qcGciLCJzbGlkZXNob3ciOiIyOWVhYzUzIn0%3D\">\n\t\t\t\t\t<div class=\"e-gallery-image elementor-gallery-item__image\" data-thumbnail=\"https:\/\/albaganadera.com\/wp-content\/uploads\/2024\/11\/JAMON-FOTO-1-200x300.jpg\" data-width=\"200\" data-height=\"300\" aria-label=\"\" role=\"img\" ><\/div>\n\t\t\t\t\t\t\t\t\t\t\t<div class=\"elementor-gallery-item__overlay\"><\/div>\n\t\t\t\t\t\t\t\t\t\t\t\t\t\t<\/a>\n\t\t\t\t\t\t\t<a class=\"e-gallery-item elementor-gallery-item elementor-animated-content\" href=\"https:\/\/albaganadera.com\/wp-content\/uploads\/2024\/11\/JAMON-FOTO-2.jpg\" data-elementor-open-lightbox=\"yes\" data-elementor-lightbox-slideshow=\"29eac53\" data-elementor-lightbox-title=\"JAMON FOTO 2\" data-e-action-hash=\"#elementor-action%3Aaction%3Dlightbox%26settings%3DeyJpZCI6MzAwLCJ1cmwiOiJodHRwczpcL1wvYWxiYWdhbmFkZXJhLmNvbVwvd3AtY29udGVudFwvdXBsb2Fkc1wvMjAyNFwvMTFcL0pBTU9OLUZPVE8tMi5qcGciLCJzbGlkZXNob3ciOiIyOWVhYzUzIn0%3D\">\n\t\t\t\t\t<div class=\"e-gallery-image elementor-gallery-item__image\" data-thumbnail=\"https:\/\/albaganadera.com\/wp-content\/uploads\/2024\/11\/JAMON-FOTO-2-199x300.jpg\" data-width=\"199\" data-height=\"300\" aria-label=\"\" role=\"img\" ><\/div>\n\t\t\t\t\t\t\t\t\t\t\t<div class=\"elementor-gallery-item__overlay\"><\/div>\n\t\t\t\t\t\t\t\t\t\t\t\t\t\t<\/a>\n\t\t\t\t\t\t\t<a class=\"e-gallery-item elementor-gallery-item elementor-animated-content\" href=\"https:\/\/albaganadera.com\/wp-content\/uploads\/2024\/11\/JAMON-FOTO-3.jpg\" data-elementor-open-lightbox=\"yes\" data-elementor-lightbox-slideshow=\"29eac53\" data-elementor-lightbox-title=\"JAMON FOTO 3\" data-e-action-hash=\"#elementor-action%3Aaction%3Dlightbox%26settings%3DeyJpZCI6MzA0LCJ1cmwiOiJodHRwczpcL1wvYWxiYWdhbmFkZXJhLmNvbVwvd3AtY29udGVudFwvdXBsb2Fkc1wvMjAyNFwvMTFcL0pBTU9OLUZPVE8tMy5qcGciLCJzbGlkZXNob3ciOiIyOWVhYzUzIn0%3D\">\n\t\t\t\t\t<div class=\"e-gallery-image elementor-gallery-item__image\" data-thumbnail=\"https:\/\/albaganadera.com\/wp-content\/uploads\/2024\/11\/JAMON-FOTO-3-300x200.jpg\" data-width=\"300\" data-height=\"200\" aria-label=\"\" role=\"img\" ><\/div>\n\t\t\t\t\t\t\t\t\t\t\t<div class=\"elementor-gallery-item__overlay\"><\/div>\n\t\t\t\t\t\t\t\t\t\t\t\t\t\t<\/a>\n\t\t\t\t\t<\/div>\n\t\t\t\t\t<\/div>\n\t\t\t\t<\/div>\n\t\t\t\t<\/div>\n\t\t<div class=\"elementor-element elementor-element-c1ec01f e-con-full e-flex e-con e-child\" data-id=\"c1ec01f\" data-element_type=\"container\" data-e-type=\"container\">\n\t\t\t\t<div class=\"elementor-element elementor-element-3742b34 elementor-widget elementor-widget-text-editor\" data-id=\"3742b34\" data-element_type=\"widget\" data-e-type=\"widget\" data-widget_type=\"text-editor.default\">\n\t\t\t\t<div class=\"elementor-widget-container\">\n\t\t\t\t\t\t\t\t\t<p><em>D\u00e9couvrez la saveur authentique du jambon serrano biologique, \u00e9labor\u00e9 \u00e0 partir de la viande de porcs issus de l&rsquo;\u00e9levage biologique. Nos porcs sont nourris exclusivement de c\u00e9r\u00e9ales, de l\u00e9gumineuses et d&rsquo;aliments pour animaux biologiques, ce qui leur garantit une alimentation naturelle et saine. En outre, nos animaux ne sont pas trait\u00e9s aux antibiotiques et sont exempts d&rsquo;OGM, de conservateurs et de colorants artificiels.<\/em><\/p><p><em>Chez Sue\u00f1os de Alba Ganadera, nous sommes fiers de proposer des jambons qui ne contiennent aucun additif chimique. Chaque pi\u00e8ce est le r\u00e9sultat d&rsquo;un processus de s\u00e9lection et de maturation minutieux qui respecte la tradition et la qualit\u00e9 de la viande de porc biologique.<\/em><\/p><p><em>Tous nos produits portent le sceau qui garantit leur origine biologique. Vous pouvez donc \u00eatre s\u00fbrs que vous choisissez un produit de la plus haute qualit\u00e9 et de la plus grande durabilit\u00e9.<\/em><\/p><p><em>Profitez d&rsquo;une exp\u00e9rience gastronomique unique avec notre jambon serrano biologique, un v\u00e9ritable d\u00e9lice pour les sens.<\/em><\/p>\t\t\t\t\t\t\t\t<\/div>\n\t\t\t\t<\/div>\n\t\t\t\t<\/div>\n\t\t\t\t\t<\/div>\n\t\t\t\t<\/div>\n\t\t\t\t<\/div>\n\t\t","protected":false},"excerpt":{"rendered":"<p>D\u00e9couvrez la saveur authentique du jambon serrano biologique, \u00e9labor\u00e9 \u00e0 partir de la viande de porcs issus de l&rsquo;\u00e9levage biologique. Nos porcs sont nourris exclusivement de c\u00e9r\u00e9ales, de l\u00e9gumineuses et d&rsquo;aliments pour animaux biologiques, ce qui leur garantit une alimentation naturelle et saine. En outre, nos animaux ne sont pas trait\u00e9s aux antibiotiques et sont [&hellip;]<\/p>\n","protected":false},"author":1,"featured_media":0,"parent":420,"menu_order":0,"comment_status":"closed","ping_status":"closed","template":"","meta":{"footnotes":""},"class_list":["post-383","page","type-page","status-publish","hentry"],"_links":{"self":[{"href":"https:\/\/albaganadera.com\/fr\/wp-json\/wp\/v2\/pages\/383","targetHints":{"allow":["GET"]}}],"collection":[{"href":"https:\/\/albaganadera.com\/fr\/wp-json\/wp\/v2\/pages"}],"about":[{"href":"https:\/\/albaganadera.com\/fr\/wp-json\/wp\/v2\/types\/page"}],"author":[{"embeddable":true,"href":"https:\/\/albaganadera.com\/fr\/wp-json\/wp\/v2\/users\/1"}],"replies":[{"embeddable":true,"href":"https:\/\/albaganadera.com\/fr\/wp-json\/wp\/v2\/comments?post=383"}],"version-history":[{"count":8,"href":"https:\/\/albaganadera.com\/fr\/wp-json\/wp\/v2\/pages\/383\/revisions"}],"predecessor-version":[{"id":825,"href":"https:\/\/albaganadera.com\/fr\/wp-json\/wp\/v2\/pages\/383\/revisions\/825"}],"up":[{"embeddable":true,"href":"https:\/\/albaganadera.com\/fr\/wp-json\/wp\/v2\/pages\/420"}],"wp:attachment":[{"href":"https:\/\/albaganadera.com\/fr\/wp-json\/wp\/v2\/media?parent=383"}],"curies":[{"name":"wp","href":"https:\/\/api.w.org\/{rel}","templated":true}]}}