{"id":242,"date":"2022-12-08T10:21:41","date_gmt":"2022-12-08T10:21:41","guid":{"rendered":"https:\/\/albaganadera.com\/ganaderia-propia\/"},"modified":"2026-02-07T14:54:28","modified_gmt":"2026-02-07T14:54:28","slug":"ganaderia-propia","status":"publish","type":"page","link":"https:\/\/albaganadera.com\/fr\/ganaderia-propia\/","title":{"rendered":"Notre Propre B\u00e9tail"},"content":{"rendered":"\t\t<div data-elementor-type=\"wp-post\" data-elementor-id=\"242\" class=\"elementor elementor-242 elementor-22\" data-elementor-post-type=\"page\">\n\t\t\t\t<div class=\"elementor-element elementor-element-fc8e7e8 e-flex e-con-boxed e-con e-parent\" data-id=\"fc8e7e8\" data-element_type=\"container\" data-e-type=\"container\">\n\t\t\t\t\t<div class=\"e-con-inner\">\n\t\t\t\t<div class=\"elementor-element elementor-element-fb7298b elementor-widget elementor-widget-image\" data-id=\"fb7298b\" data-element_type=\"widget\" data-e-type=\"widget\" data-widget_type=\"image.default\">\n\t\t\t\t<div class=\"elementor-widget-container\">\n\t\t\t\t\t\t\t\t\t\t\t\t\t\t\t<img fetchpriority=\"high\" decoding=\"async\" width=\"800\" height=\"531\" src=\"https:\/\/albaganadera.com\/wp-content\/uploads\/2022\/12\/toros-de-guisando-1024x680.jpg\" class=\"attachment-large size-large wp-image-183\" alt=\"\" srcset=\"https:\/\/albaganadera.com\/wp-content\/uploads\/2022\/12\/toros-de-guisando-1024x680.jpg 1024w, https:\/\/albaganadera.com\/wp-content\/uploads\/2022\/12\/toros-de-guisando-300x199.jpg 300w, https:\/\/albaganadera.com\/wp-content\/uploads\/2022\/12\/toros-de-guisando-768x510.jpg 768w, https:\/\/albaganadera.com\/wp-content\/uploads\/2022\/12\/toros-de-guisando-1536x1020.jpg 1536w, https:\/\/albaganadera.com\/wp-content\/uploads\/2022\/12\/toros-de-guisando-2048x1360.jpg 2048w\" sizes=\"(max-width: 800px) 100vw, 800px\" \/>\t\t\t\t\t\t\t\t\t\t\t\t\t\t\t<\/div>\n\t\t\t\t<\/div>\n\t\t<div class=\"elementor-element elementor-element-01c91d4 e-flex e-con-boxed e-con e-child\" data-id=\"01c91d4\" data-element_type=\"container\" data-e-type=\"container\">\n\t\t\t\t\t<div class=\"e-con-inner\">\n\t\t\t\t<div class=\"elementor-element elementor-element-2fc9f14 elementor-widget elementor-widget-text-editor\" data-id=\"2fc9f14\" data-element_type=\"widget\" data-e-type=\"widget\" data-widget_type=\"text-editor.default\">\n\t\t\t\t<div class=\"elementor-widget-container\">\n\t\t\t\t\t\t\t\t\t<p>NOS EXPLOITATIONS<\/p>\t\t\t\t\t\t\t\t<\/div>\n\t\t\t\t<\/div>\n\t\t\t\t<div class=\"elementor-element elementor-element-d0c53f1 elementor-widget elementor-widget-text-editor\" data-id=\"d0c53f1\" data-element_type=\"widget\" data-e-type=\"widget\" data-widget_type=\"text-editor.default\">\n\t\t\t\t<div class=\"elementor-widget-container\">\n\t\t\t\t\t\t\t\t\t<p><strong>Sue\u00f1os de Alba Ganadera <\/strong>poss\u00e8de ses propres exploitations agricoles situ\u00e9es dans les provinces d&rsquo;\u00c1vila et de Teruel. Ce contr\u00f4le direct nous permet de garantir la qualit\u00e9 et l&rsquo;approvisionnement continu de la mati\u00e8re premi\u00e8re n\u00e9cessaire \u00e0 l&rsquo;\u00e9laboration de nos produits frais et de nos produits de salaison. <\/p><p>Nos porcs sont \u00e9lev\u00e9s selon des normes biologiques strictes, en respectant toutes les exigences \u00e9tablies par la l\u00e9gislation en vigueur. Les enclos sont ouverts et offrent un grand espace, avec une faible densit\u00e9 par animal, ce qui permet aux animaux de se d\u00e9placer librement, de jouer et de se d\u00e9stresser. Nous veillons ainsi \u00e0 ce qu&rsquo;ils puissent se d\u00e9velopper dans un environnement naturel et sain, en respectant leur cycle de vie et en garantissant leur bien-\u00eatre dans les meilleures conditions possibles.  <\/p>\t\t\t\t\t\t\t\t<\/div>\n\t\t\t\t<\/div>\n\t\t\t\t\t<\/div>\n\t\t\t\t<\/div>\n\t\t\t\t\t<\/div>\n\t\t\t\t<\/div>\n\t\t<div class=\"elementor-element elementor-element-40b2d29 e-flex e-con-boxed e-con e-parent\" data-id=\"40b2d29\" data-element_type=\"container\" data-e-type=\"container\">\n\t\t\t\t\t<div class=\"e-con-inner\">\n\t\t\t\t\t<\/div>\n\t\t\t\t<\/div>\n\t\t<div class=\"elementor-element elementor-element-df85a8b e-flex e-con-boxed e-con e-parent\" data-id=\"df85a8b\" data-element_type=\"container\" data-e-type=\"container\">\n\t\t\t\t\t<div class=\"e-con-inner\">\n\t\t<div class=\"elementor-element elementor-element-285a062 e-flex e-con-boxed e-con e-child\" data-id=\"285a062\" data-element_type=\"container\" data-e-type=\"container\">\n\t\t\t\t\t<div class=\"e-con-inner\">\n\t\t\t\t<div class=\"elementor-element elementor-element-72cf317 elementor-widget elementor-widget-text-editor\" data-id=\"72cf317\" data-element_type=\"widget\" data-e-type=\"widget\" data-widget_type=\"text-editor.default\">\n\t\t\t\t<div class=\"elementor-widget-container\">\n\t\t\t\t\t\t\t\t\t<p>\u00c9LEVAGE ET TRANSFORMATION<\/p>\t\t\t\t\t\t\t\t<\/div>\n\t\t\t\t<\/div>\n\t\t\t\t<div class=\"elementor-element elementor-element-d3f7dd1 elementor-widget elementor-widget-text-editor\" data-id=\"d3f7dd1\" data-element_type=\"widget\" data-e-type=\"widget\" data-widget_type=\"text-editor.default\">\n\t\t\t\t<div class=\"elementor-widget-container\">\n\t\t\t\t\t\t\t\t\t<p>Dans nos exploitations, le bien-\u00eatre des animaux est fondamental. Nous \u00e9levons des porcs Duroc, r\u00e9put\u00e9s pour leur qualit\u00e9, et les nourrissons exclusivement de c\u00e9r\u00e9ales, l\u00e9gumineuses et fourrages biologiques provenant de fournisseurs certifi\u00e9s. Cette approche garantit non seulement une alimentation saine et naturelle, mais renforce \u00e9galement notre engagement en faveur de la durabilit\u00e9 et du respect de l&rsquo;environnement.  <\/p><p>L&rsquo;\u00e9levage est ax\u00e9 sur la pr\u00e9vention et se concentre sur des pratiques qui \u00e9liminent l&rsquo;utilisation inutile d&rsquo;antibiotiques. Cela nous permet de maintenir nos animaux dans un \u00e9tat de sant\u00e9 optimal, tout en minimisant l&rsquo;impact sur l&rsquo;environnement et en promouvant une production responsable. <\/p><p>En outre, nos exploitations font partie d&rsquo;un cycle agricole enti\u00e8rement durable. Gr\u00e2ce \u00e0 un processus de compostage m\u00e9ticuleux, nous produisons un compost de haute qualit\u00e9, qui est utilis\u00e9 pour enrichir et r\u00e9g\u00e9n\u00e9rer les sols d&rsquo;autres agriculteurs biologiques. Cette pratique permet non seulement d&rsquo;optimiser l&rsquo;utilisation des ressources naturelles, mais aussi de favoriser la biodiversit\u00e9 et d&rsquo;am\u00e9liorer la fertilit\u00e9 des sols de mani\u00e8re naturelle. Nous contribuons ainsi activement \u00e0 la cl\u00f4ture du cycle de l&rsquo;agriculture biologique, en promouvant un mod\u00e8le de production plus r\u00e9silient et plus respectueux de l&rsquo;environnement, align\u00e9 sur les principes de l&rsquo;agriculture r\u00e9g\u00e9n\u00e9ratrice.   <\/p>\t\t\t\t\t\t\t\t<\/div>\n\t\t\t\t<\/div>\n\t\t\t\t\t<\/div>\n\t\t\t\t<\/div>\n\t\t\t\t<div class=\"elementor-element elementor-element-e6faedf elementor-widget elementor-widget-image\" data-id=\"e6faedf\" data-element_type=\"widget\" data-e-type=\"widget\" data-widget_type=\"image.default\">\n\t\t\t\t<div class=\"elementor-widget-container\">\n\t\t\t\t\t\t\t\t\t\t\t\t\t\t\t<img decoding=\"async\" width=\"768\" height=\"512\" src=\"https:\/\/albaganadera.com\/wp-content\/uploads\/2022\/12\/19-768x512.jpg\" class=\"attachment-medium_large size-medium_large wp-image-210\" alt=\"\" srcset=\"https:\/\/albaganadera.com\/wp-content\/uploads\/2022\/12\/19-768x512.jpg 768w, https:\/\/albaganadera.com\/wp-content\/uploads\/2022\/12\/19-300x200.jpg 300w, https:\/\/albaganadera.com\/wp-content\/uploads\/2022\/12\/19-1024x682.jpg 1024w, https:\/\/albaganadera.com\/wp-content\/uploads\/2022\/12\/19-1536x1024.jpg 1536w, https:\/\/albaganadera.com\/wp-content\/uploads\/2022\/12\/19-2048x1365.jpg 2048w\" sizes=\"(max-width: 768px) 100vw, 768px\" \/>\t\t\t\t\t\t\t\t\t\t\t\t\t\t\t<\/div>\n\t\t\t\t<\/div>\n\t\t\t\t\t<\/div>\n\t\t\t\t<\/div>\n\t\t\t\t<\/div>\n\t\t","protected":false},"excerpt":{"rendered":"<p>NOS EXPLOITATIONS Sue\u00f1os de Alba Ganadera poss\u00e8de ses propres exploitations agricoles situ\u00e9es dans les provinces d&rsquo;\u00c1vila et de Teruel. Ce contr\u00f4le direct nous permet de garantir la qualit\u00e9 et l&rsquo;approvisionnement continu de la mati\u00e8re premi\u00e8re n\u00e9cessaire \u00e0 l&rsquo;\u00e9laboration de nos produits frais et de nos produits de salaison. Nos porcs sont \u00e9lev\u00e9s selon des normes [&hellip;]<\/p>\n","protected":false},"author":1,"featured_media":0,"parent":0,"menu_order":0,"comment_status":"closed","ping_status":"closed","template":"","meta":{"footnotes":""},"class_list":["post-242","page","type-page","status-publish","hentry"],"_links":{"self":[{"href":"https:\/\/albaganadera.com\/fr\/wp-json\/wp\/v2\/pages\/242","targetHints":{"allow":["GET"]}}],"collection":[{"href":"https:\/\/albaganadera.com\/fr\/wp-json\/wp\/v2\/pages"}],"about":[{"href":"https:\/\/albaganadera.com\/fr\/wp-json\/wp\/v2\/types\/page"}],"author":[{"embeddable":true,"href":"https:\/\/albaganadera.com\/fr\/wp-json\/wp\/v2\/users\/1"}],"replies":[{"embeddable":true,"href":"https:\/\/albaganadera.com\/fr\/wp-json\/wp\/v2\/comments?post=242"}],"version-history":[{"count":8,"href":"https:\/\/albaganadera.com\/fr\/wp-json\/wp\/v2\/pages\/242\/revisions"}],"predecessor-version":[{"id":875,"href":"https:\/\/albaganadera.com\/fr\/wp-json\/wp\/v2\/pages\/242\/revisions\/875"}],"wp:attachment":[{"href":"https:\/\/albaganadera.com\/fr\/wp-json\/wp\/v2\/media?parent=242"}],"curies":[{"name":"wp","href":"https:\/\/api.w.org\/{rel}","templated":true}]}}