{"id":220,"date":"2022-12-08T10:18:56","date_gmt":"2022-12-08T10:18:56","guid":{"rendered":"https:\/\/albaganadera.com\/notre-philosophie\/"},"modified":"2026-02-07T14:52:28","modified_gmt":"2026-02-07T14:52:28","slug":"notre-philosophie","status":"publish","type":"page","link":"https:\/\/albaganadera.com\/fr\/notre-philosophie\/","title":{"rendered":"Notre philosophie"},"content":{"rendered":"\t\t<div data-elementor-type=\"wp-page\" data-elementor-id=\"220\" class=\"elementor elementor-220 elementor-16\" data-elementor-post-type=\"page\">\n\t\t\t\t<div class=\"elementor-element elementor-element-1710968 e-con-full e-flex e-con e-parent\" data-id=\"1710968\" data-element_type=\"container\" data-e-type=\"container\" data-settings=\"{&quot;background_background&quot;:&quot;classic&quot;}\">\n\t\t\t\t<div class=\"elementor-element elementor-element-4ec6e02 elementor-widget elementor-widget-heading\" data-id=\"4ec6e02\" data-element_type=\"widget\" data-e-type=\"widget\" data-widget_type=\"heading.default\">\n\t\t\t\t<div class=\"elementor-widget-container\">\n\t\t\t\t\t<h1 class=\"elementor-heading-title elementor-size-default\">Notre philosophie<\/h1>\t\t\t\t<\/div>\n\t\t\t\t<\/div>\n\t\t\t\t<div class=\"elementor-element elementor-element-9fe25f9 elementor-widget__width-initial elementor-widget elementor-widget-text-editor\" data-id=\"9fe25f9\" data-element_type=\"widget\" data-e-type=\"widget\" data-widget_type=\"text-editor.default\">\n\t\t\t\t<div class=\"elementor-widget-container\">\n\t\t\t\t\t\t\t\t\t<p>L&rsquo;exp\u00e9rience que nous avons accumul\u00e9e dans le domaine de l&rsquo;\u00e9levage biologique de porcs depuis 2003 nous a pouss\u00e9s \u00e0 cr\u00e9er un r\u00eave qui est aujourd&rsquo;hui plus vivant et plus fort que jamais.<\/p><p>Nous sommes convaincus que personne ne peut \u00eatre le meilleur dans tous les domaines. C&rsquo;est pourquoi, d\u00e8s le d\u00e9part, nous nous sommes attach\u00e9s \u00e0 garantir l&rsquo;approvisionnement en mati\u00e8res premi\u00e8res par le biais de nos propres exploitations agricoles. Par la suite, nous avons commenc\u00e9 \u00e0 travailler avec les meilleurs fabricants de saucisses biologiques du pays. Ils apportent leur exp\u00e9rience et leurs connaissances, tandis que nous apportons notre mati\u00e8re premi\u00e8re. Le r\u00e9sultat de cette collaboration est un produit de la plus haute qualit\u00e9. Travailler avec les meilleurs nous a permis de servir les clients les plus exigeants dans diff\u00e9rents pays, tels que la France, l&rsquo;Allemagne, la Belgique, le Danemark, entre autres.<\/p><p>Il devient de plus en plus urgent de transformer les processus de production, tant dans le domaine de l&rsquo;agriculture que de l&rsquo;\u00e9levage, en vue d&rsquo;adopter des pratiques plus durables. Le changement climatique, la perte de biodiversit\u00e9 et l&rsquo;impact que nous avons sur l&rsquo;environnement, ainsi que les probl\u00e8mes sociaux qui en d\u00e9coulent, rendent le changement imp\u00e9ratif.<\/p><p>Dans notre cas, l&rsquo;accent a toujours \u00e9t\u00e9 mis sur l&rsquo;\u00e9levage biologique et durable. Tout ce que nous avons appris depuis 2003 dans le domaine du porc biologique nous a permis de d\u00e9velopper un projet qui ne cesse de se renforcer. En mettant l&rsquo;accent sur la sp\u00e9cialisation, nous nous assurons d&rsquo;abord l&rsquo;approvisionnement en mati\u00e8res premi\u00e8res par le biais de nos propres exploitations agricoles. Par la suite, nous nous sommes associ\u00e9s aux principaux producteurs de saucisses biologiques du pays, qui nous font profiter de leur exp\u00e9rience et de leur savoir-faire. Cette synergie nous permet de cr\u00e9er un produit d&rsquo;excellence, ce qui a \u00e9t\u00e9 la cl\u00e9 pour servir les march\u00e9s les plus exigeants et se d\u00e9velopper au niveau international.<\/p>\t\t\t\t\t\t\t\t<\/div>\n\t\t\t\t<\/div>\n\t\t\t\t<div class=\"elementor-element elementor-element-e8f6936 elementor-align-center elementor-widget elementor-widget-button\" data-id=\"e8f6936\" data-element_type=\"widget\" data-e-type=\"widget\" data-widget_type=\"button.default\">\n\t\t\t\t<div class=\"elementor-widget-container\">\n\t\t\t\t\t\t\t\t\t<div class=\"elementor-button-wrapper\">\n\t\t\t\t\t<a class=\"elementor-button elementor-button-link elementor-size-sm\" href=\"https:\/\/albaganadera.com\/fr\/ganaderia-propia\/\">\n\t\t\t\t\t\t<span class=\"elementor-button-content-wrapper\">\n\t\t\t\t\t\t\t\t\t<span class=\"elementor-button-text\">PROPRE B\u00c9TAIL<\/span>\n\t\t\t\t\t<\/span>\n\t\t\t\t\t<\/a>\n\t\t\t\t<\/div>\n\t\t\t\t\t\t\t\t<\/div>\n\t\t\t\t<\/div>\n\t\t\t\t<\/div>\n\t\t<div class=\"elementor-element elementor-element-7e7655c1 e-con-full e-flex e-con e-parent\" data-id=\"7e7655c1\" data-element_type=\"container\" data-e-type=\"container\">\n\t\t<div class=\"elementor-element elementor-element-288eb868 e-flex e-con-boxed e-con e-child\" data-id=\"288eb868\" data-element_type=\"container\" data-e-type=\"container\" data-settings=\"{&quot;background_background&quot;:&quot;classic&quot;}\">\n\t\t\t\t\t<div class=\"e-con-inner\">\n\t\t\t\t\t<\/div>\n\t\t\t\t<\/div>\n\t\t<div class=\"elementor-element elementor-element-1bed4419 e-flex e-con-boxed e-con e-child\" data-id=\"1bed4419\" data-element_type=\"container\" data-e-type=\"container\" data-settings=\"{&quot;background_background&quot;:&quot;classic&quot;}\">\n\t\t\t\t\t<div class=\"e-con-inner\">\n\t\t\t\t\t<\/div>\n\t\t\t\t<\/div>\n\t\t<div class=\"elementor-element elementor-element-0ccabec e-flex e-con-boxed e-con e-child\" data-id=\"0ccabec\" data-element_type=\"container\" data-e-type=\"container\" data-settings=\"{&quot;background_background&quot;:&quot;classic&quot;}\">\n\t\t\t\t\t<div class=\"e-con-inner\">\n\t\t\t\t\t<\/div>\n\t\t\t\t<\/div>\n\t\t<div class=\"elementor-element elementor-element-bcb28a7 e-flex e-con-boxed e-con e-child\" data-id=\"bcb28a7\" data-element_type=\"container\" data-e-type=\"container\" data-settings=\"{&quot;background_background&quot;:&quot;classic&quot;}\">\n\t\t\t\t\t<div class=\"e-con-inner\">\n\t\t\t\t\t<\/div>\n\t\t\t\t<\/div>\n\t\t\t\t<\/div>\n\t\t\t\t<\/div>\n\t\t","protected":false},"excerpt":{"rendered":"<p>Notre philosophie L&rsquo;exp\u00e9rience que nous avons accumul\u00e9e dans le domaine de l&rsquo;\u00e9levage biologique de porcs depuis 2003 nous a pouss\u00e9s \u00e0 cr\u00e9er un r\u00eave qui est aujourd&rsquo;hui plus vivant et plus fort que jamais. Nous sommes convaincus que personne ne peut \u00eatre le meilleur dans tous les domaines. C&rsquo;est pourquoi, d\u00e8s le d\u00e9part, nous nous [&hellip;]<\/p>\n","protected":false},"author":1,"featured_media":0,"parent":0,"menu_order":0,"comment_status":"closed","ping_status":"closed","template":"","meta":{"footnotes":""},"class_list":["post-220","page","type-page","status-publish","hentry"],"_links":{"self":[{"href":"https:\/\/albaganadera.com\/fr\/wp-json\/wp\/v2\/pages\/220","targetHints":{"allow":["GET"]}}],"collection":[{"href":"https:\/\/albaganadera.com\/fr\/wp-json\/wp\/v2\/pages"}],"about":[{"href":"https:\/\/albaganadera.com\/fr\/wp-json\/wp\/v2\/types\/page"}],"author":[{"embeddable":true,"href":"https:\/\/albaganadera.com\/fr\/wp-json\/wp\/v2\/users\/1"}],"replies":[{"embeddable":true,"href":"https:\/\/albaganadera.com\/fr\/wp-json\/wp\/v2\/comments?post=220"}],"version-history":[{"count":9,"href":"https:\/\/albaganadera.com\/fr\/wp-json\/wp\/v2\/pages\/220\/revisions"}],"predecessor-version":[{"id":872,"href":"https:\/\/albaganadera.com\/fr\/wp-json\/wp\/v2\/pages\/220\/revisions\/872"}],"wp:attachment":[{"href":"https:\/\/albaganadera.com\/fr\/wp-json\/wp\/v2\/media?parent=220"}],"curies":[{"name":"wp","href":"https:\/\/api.w.org\/{rel}","templated":true}]}}