{"id":407,"date":"2024-12-09T20:10:50","date_gmt":"2024-12-09T20:10:50","guid":{"rendered":"https:\/\/albaganadera.com\/fuet-bio\/"},"modified":"2026-02-07T12:05:33","modified_gmt":"2026-02-07T12:05:33","slug":"fuet-bio","status":"publish","type":"page","link":"https:\/\/albaganadera.com\/de\/productos\/fuet-bio\/","title":{"rendered":"Fuet Bio"},"content":{"rendered":"\t\t<div data-elementor-type=\"wp-page\" data-elementor-id=\"407\" class=\"elementor elementor-407 elementor-387\" data-elementor-post-type=\"page\">\n\t\t\t\t<div class=\"elementor-element elementor-element-1c53bce e-flex e-con-boxed e-con e-parent\" data-id=\"1c53bce\" data-element_type=\"container\" data-e-type=\"container\">\n\t\t\t\t\t<div class=\"e-con-inner\">\n\t\t\t\t<div class=\"elementor-element elementor-element-842366a elementor-widget elementor-widget-spacer\" data-id=\"842366a\" data-element_type=\"widget\" data-e-type=\"widget\" data-widget_type=\"spacer.default\">\n\t\t\t\t<div class=\"elementor-widget-container\">\n\t\t\t\t\t\t\t<div class=\"elementor-spacer\">\n\t\t\t<div class=\"elementor-spacer-inner\"><\/div>\n\t\t<\/div>\n\t\t\t\t\t\t<\/div>\n\t\t\t\t<\/div>\n\t\t\t\t<div class=\"elementor-element elementor-element-5fddf58 elementor-widget elementor-widget-heading\" data-id=\"5fddf58\" data-element_type=\"widget\" data-e-type=\"widget\" data-widget_type=\"heading.default\">\n\t\t\t\t<div class=\"elementor-widget-container\">\n\t\t\t\t\t<h1 class=\"elementor-heading-title elementor-size-default\">Fuet Bio<\/h1>\t\t\t\t<\/div>\n\t\t\t\t<\/div>\n\t\t\t\t\t<\/div>\n\t\t\t\t<\/div>\n\t\t<div class=\"elementor-element elementor-element-649242b e-flex e-con-boxed e-con e-parent\" data-id=\"649242b\" data-element_type=\"container\" data-e-type=\"container\">\n\t\t\t\t\t<div class=\"e-con-inner\">\n\t\t<div class=\"elementor-element elementor-element-d8fe81a e-con-full e-flex e-con e-child\" data-id=\"d8fe81a\" data-element_type=\"container\" data-e-type=\"container\">\n\t\t\t\t<div class=\"elementor-element elementor-element-d1c4b0d elementor-widget elementor-widget-gallery\" data-id=\"d1c4b0d\" data-element_type=\"widget\" data-e-type=\"widget\" data-settings=\"{&quot;gallery_layout&quot;:&quot;masonry&quot;,&quot;columns&quot;:2,&quot;lazyload&quot;:&quot;yes&quot;,&quot;columns_tablet&quot;:2,&quot;columns_mobile&quot;:1,&quot;gap&quot;:{&quot;unit&quot;:&quot;px&quot;,&quot;size&quot;:10,&quot;sizes&quot;:[]},&quot;gap_tablet&quot;:{&quot;unit&quot;:&quot;px&quot;,&quot;size&quot;:10,&quot;sizes&quot;:[]},&quot;gap_mobile&quot;:{&quot;unit&quot;:&quot;px&quot;,&quot;size&quot;:10,&quot;sizes&quot;:[]},&quot;link_to&quot;:&quot;file&quot;,&quot;overlay_background&quot;:&quot;yes&quot;,&quot;content_hover_animation&quot;:&quot;fade-in&quot;}\" data-widget_type=\"gallery.default\">\n\t\t\t\t<div class=\"elementor-widget-container\">\n\t\t\t\t\t\t\t<div class=\"elementor-gallery__container\">\n\t\t\t\t\t\t\t<a class=\"e-gallery-item elementor-gallery-item elementor-animated-content\" href=\"https:\/\/albaganadera.com\/wp-content\/uploads\/2024\/12\/FUET-FOTO-1.jpg\" data-elementor-open-lightbox=\"yes\" data-elementor-lightbox-slideshow=\"d1c4b0d\" data-elementor-lightbox-title=\"FUET FOTO 1\" data-e-action-hash=\"#elementor-action%3Aaction%3Dlightbox%26settings%3DeyJpZCI6Mzk1LCJ1cmwiOiJodHRwczpcL1wvYWxiYWdhbmFkZXJhLmNvbVwvd3AtY29udGVudFwvdXBsb2Fkc1wvMjAyNFwvMTJcL0ZVRVQtRk9UTy0xLmpwZyIsInNsaWRlc2hvdyI6ImQxYzRiMGQifQ%3D%3D\">\n\t\t\t\t\t<div class=\"e-gallery-image elementor-gallery-item__image\" data-thumbnail=\"https:\/\/albaganadera.com\/wp-content\/uploads\/2024\/12\/FUET-FOTO-1-300x300.jpg\" data-width=\"300\" data-height=\"300\" aria-label=\"\" role=\"img\" ><\/div>\n\t\t\t\t\t\t\t\t\t\t\t<div class=\"elementor-gallery-item__overlay\"><\/div>\n\t\t\t\t\t\t\t\t\t\t\t\t\t\t<\/a>\n\t\t\t\t\t\t\t<a class=\"e-gallery-item elementor-gallery-item elementor-animated-content\" href=\"https:\/\/albaganadera.com\/wp-content\/uploads\/2024\/12\/FUET-FOTO-2.jpg\" data-elementor-open-lightbox=\"yes\" data-elementor-lightbox-slideshow=\"d1c4b0d\" data-elementor-lightbox-title=\"FUET FOTO 2\" data-e-action-hash=\"#elementor-action%3Aaction%3Dlightbox%26settings%3DeyJpZCI6Mzk5LCJ1cmwiOiJodHRwczpcL1wvYWxiYWdhbmFkZXJhLmNvbVwvd3AtY29udGVudFwvdXBsb2Fkc1wvMjAyNFwvMTJcL0ZVRVQtRk9UTy0yLmpwZyIsInNsaWRlc2hvdyI6ImQxYzRiMGQifQ%3D%3D\">\n\t\t\t\t\t<div class=\"e-gallery-image elementor-gallery-item__image\" data-thumbnail=\"https:\/\/albaganadera.com\/wp-content\/uploads\/2024\/12\/FUET-FOTO-2-300x200.jpg\" data-width=\"300\" data-height=\"200\" aria-label=\"\" role=\"img\" ><\/div>\n\t\t\t\t\t\t\t\t\t\t\t<div class=\"elementor-gallery-item__overlay\"><\/div>\n\t\t\t\t\t\t\t\t\t\t\t\t\t\t<\/a>\n\t\t\t\t\t<\/div>\n\t\t\t\t\t<\/div>\n\t\t\t\t<\/div>\n\t\t\t\t<\/div>\n\t\t<div class=\"elementor-element elementor-element-ba69496 e-con-full e-flex e-con e-child\" data-id=\"ba69496\" data-element_type=\"container\" data-e-type=\"container\">\n\t\t\t\t<div class=\"elementor-element elementor-element-d2e0e57 elementor-widget elementor-widget-text-editor\" data-id=\"d2e0e57\" data-element_type=\"widget\" data-e-type=\"widget\" data-widget_type=\"text-editor.default\">\n\t\t\t\t<div class=\"elementor-widget-container\">\n\t\t\t\t\t\t\t\t\t<p>Tauchen Sie ein in die Geschichte und den Geschmack unserer Bio-Fuet, einer Wurst, die die Kunst der spanischen Charcuterie widerspiegelt. Diese delikate Fuet wird nach traditionellen Methoden hergestellt, die von Generation zu Generation weitergegeben werden, so dass jedes St\u00fcck die Essenz unserer Wurzeln einf\u00e4ngt. <\/p><p>Unser Bio-Fuet wird aus dem Fleisch von Schweinen hergestellt, die in unseren eigenen landwirtschaftlichen Betrieben aufgezogen und ausschlie\u00dflich mit biologischem Getreide, H\u00fclsenfr\u00fcchten und Futter gef\u00fcttert werden, und zeichnet sich durch seine Reinheit und Qualit\u00e4t aus. Frei von Antibiotika, gentechnisch ver\u00e4nderten Organismen, Konservierungsmitteln und k\u00fcnstlichen Farbstoffen wird der nat\u00fcrliche Geschmack des Fleisches durch eine gekonnte Mischung aus wei\u00dfem und schwarzem Pfeffer hervorgehoben, wodurch ein einzigartiges Geschmackserlebnis entsteht. <\/p><p>Bei <strong>Sue\u00f1os de Alba Ganadera<\/strong> haben wir uns verpflichtet, das reiche Erbe dieses Produkts zu respektieren. <\/p><p>Jede Wurst tr\u00e4gt das Siegel, das ihre biologische Herkunft bescheinigt, so dass Sie sicher sein k\u00f6nnen, dass Sie sich f\u00fcr eine verantwortungsvolle und k\u00f6stliche Wurst entscheiden.<\/p>\t\t\t\t\t\t\t\t<\/div>\n\t\t\t\t<\/div>\n\t\t\t\t<\/div>\n\t\t\t\t\t<\/div>\n\t\t\t\t<\/div>\n\t\t\t\t<\/div>\n\t\t","protected":false},"excerpt":{"rendered":"<p>Tauchen Sie ein in die Geschichte und den Geschmack unserer Bio-Fuet, einer Wurst, die die Kunst der spanischen Charcuterie widerspiegelt. Diese delikate Fuet wird nach traditionellen Methoden hergestellt, die von Generation zu Generation weitergegeben werden, so dass jedes St\u00fcck die Essenz unserer Wurzeln einf\u00e4ngt. Unser Bio-Fuet wird aus dem Fleisch von Schweinen hergestellt, die in [&hellip;]<\/p>\n","protected":false},"author":1,"featured_media":0,"parent":421,"menu_order":0,"comment_status":"closed","ping_status":"closed","template":"","meta":{"footnotes":""},"class_list":["post-407","page","type-page","status-publish","hentry"],"_links":{"self":[{"href":"https:\/\/albaganadera.com\/de\/wp-json\/wp\/v2\/pages\/407","targetHints":{"allow":["GET"]}}],"collection":[{"href":"https:\/\/albaganadera.com\/de\/wp-json\/wp\/v2\/pages"}],"about":[{"href":"https:\/\/albaganadera.com\/de\/wp-json\/wp\/v2\/types\/page"}],"author":[{"embeddable":true,"href":"https:\/\/albaganadera.com\/de\/wp-json\/wp\/v2\/users\/1"}],"replies":[{"embeddable":true,"href":"https:\/\/albaganadera.com\/de\/wp-json\/wp\/v2\/comments?post=407"}],"version-history":[{"count":2,"href":"https:\/\/albaganadera.com\/de\/wp-json\/wp\/v2\/pages\/407\/revisions"}],"predecessor-version":[{"id":672,"href":"https:\/\/albaganadera.com\/de\/wp-json\/wp\/v2\/pages\/407\/revisions\/672"}],"up":[{"embeddable":true,"href":"https:\/\/albaganadera.com\/de\/wp-json\/wp\/v2\/pages\/421"}],"wp:attachment":[{"href":"https:\/\/albaganadera.com\/de\/wp-json\/wp\/v2\/media?parent=407"}],"curies":[{"name":"wp","href":"https:\/\/api.w.org\/{rel}","templated":true}]}}