{"id":385,"date":"2024-11-27T07:16:13","date_gmt":"2024-11-27T07:16:13","guid":{"rendered":"https:\/\/albaganadera.com\/bio-serrano-schinken\/"},"modified":"2026-02-07T14:21:14","modified_gmt":"2026-02-07T14:21:14","slug":"bio-serrano-schinken","status":"publish","type":"page","link":"https:\/\/albaganadera.com\/de\/productos\/bio-serrano-schinken\/","title":{"rendered":"Bio Serrano Schinken"},"content":{"rendered":"\t\t<div data-elementor-type=\"wp-page\" data-elementor-id=\"385\" class=\"elementor elementor-385 elementor-285\" data-elementor-post-type=\"page\">\n\t\t\t\t<div class=\"elementor-element elementor-element-4620d46 e-flex e-con-boxed e-con e-parent\" data-id=\"4620d46\" data-element_type=\"container\" data-e-type=\"container\">\n\t\t\t\t\t<div class=\"e-con-inner\">\n\t\t\t\t<div class=\"elementor-element elementor-element-8caff58 elementor-widget elementor-widget-spacer\" data-id=\"8caff58\" data-element_type=\"widget\" data-e-type=\"widget\" data-widget_type=\"spacer.default\">\n\t\t\t\t<div class=\"elementor-widget-container\">\n\t\t\t\t\t\t\t<div class=\"elementor-spacer\">\n\t\t\t<div class=\"elementor-spacer-inner\"><\/div>\n\t\t<\/div>\n\t\t\t\t\t\t<\/div>\n\t\t\t\t<\/div>\n\t\t\t\t<div class=\"elementor-element elementor-element-a32f66b elementor-widget elementor-widget-heading\" data-id=\"a32f66b\" data-element_type=\"widget\" data-e-type=\"widget\" data-widget_type=\"heading.default\">\n\t\t\t\t<div class=\"elementor-widget-container\">\n\t\t\t\t\t<h1 class=\"elementor-heading-title elementor-size-default\">Bio Serrano Schinken<\/h1>\t\t\t\t<\/div>\n\t\t\t\t<\/div>\n\t\t\t\t\t<\/div>\n\t\t\t\t<\/div>\n\t\t<div class=\"elementor-element elementor-element-0be603d e-flex e-con-boxed e-con e-parent\" data-id=\"0be603d\" data-element_type=\"container\" data-e-type=\"container\">\n\t\t\t\t\t<div class=\"e-con-inner\">\n\t\t<div class=\"elementor-element elementor-element-36cc768 e-con-full e-flex e-con e-child\" data-id=\"36cc768\" data-element_type=\"container\" data-e-type=\"container\">\n\t\t\t\t<div class=\"elementor-element elementor-element-29eac53 elementor-widget elementor-widget-gallery\" data-id=\"29eac53\" data-element_type=\"widget\" data-e-type=\"widget\" data-settings=\"{&quot;gallery_layout&quot;:&quot;masonry&quot;,&quot;columns&quot;:2,&quot;lazyload&quot;:&quot;yes&quot;,&quot;columns_tablet&quot;:2,&quot;columns_mobile&quot;:1,&quot;gap&quot;:{&quot;unit&quot;:&quot;px&quot;,&quot;size&quot;:10,&quot;sizes&quot;:[]},&quot;gap_tablet&quot;:{&quot;unit&quot;:&quot;px&quot;,&quot;size&quot;:10,&quot;sizes&quot;:[]},&quot;gap_mobile&quot;:{&quot;unit&quot;:&quot;px&quot;,&quot;size&quot;:10,&quot;sizes&quot;:[]},&quot;link_to&quot;:&quot;file&quot;,&quot;overlay_background&quot;:&quot;yes&quot;,&quot;content_hover_animation&quot;:&quot;fade-in&quot;}\" data-widget_type=\"gallery.default\">\n\t\t\t\t<div class=\"elementor-widget-container\">\n\t\t\t\t\t\t\t<div class=\"elementor-gallery__container\">\n\t\t\t\t\t\t\t<a class=\"e-gallery-item elementor-gallery-item elementor-animated-content\" href=\"https:\/\/albaganadera.com\/wp-content\/uploads\/2024\/11\/JAMON-FOTO-1.jpg\" data-elementor-open-lightbox=\"yes\" data-elementor-lightbox-slideshow=\"29eac53\" data-elementor-lightbox-title=\"JAMON FOTO 1\" data-e-action-hash=\"#elementor-action%3Aaction%3Dlightbox%26settings%3DeyJpZCI6Mjk3LCJ1cmwiOiJodHRwczpcL1wvYWxiYWdhbmFkZXJhLmNvbVwvd3AtY29udGVudFwvdXBsb2Fkc1wvMjAyNFwvMTFcL0pBTU9OLUZPVE8tMS5qcGciLCJzbGlkZXNob3ciOiIyOWVhYzUzIn0%3D\">\n\t\t\t\t\t<div class=\"e-gallery-image elementor-gallery-item__image\" data-thumbnail=\"https:\/\/albaganadera.com\/wp-content\/uploads\/2024\/11\/JAMON-FOTO-1-200x300.jpg\" data-width=\"200\" data-height=\"300\" aria-label=\"\" role=\"img\" ><\/div>\n\t\t\t\t\t\t\t\t\t\t\t<div class=\"elementor-gallery-item__overlay\"><\/div>\n\t\t\t\t\t\t\t\t\t\t\t\t\t\t<\/a>\n\t\t\t\t\t\t\t<a class=\"e-gallery-item elementor-gallery-item elementor-animated-content\" href=\"https:\/\/albaganadera.com\/wp-content\/uploads\/2024\/11\/JAMON-FOTO-2.jpg\" data-elementor-open-lightbox=\"yes\" data-elementor-lightbox-slideshow=\"29eac53\" data-elementor-lightbox-title=\"JAMON FOTO 2\" data-e-action-hash=\"#elementor-action%3Aaction%3Dlightbox%26settings%3DeyJpZCI6MzAxLCJ1cmwiOiJodHRwczpcL1wvYWxiYWdhbmFkZXJhLmNvbVwvd3AtY29udGVudFwvdXBsb2Fkc1wvMjAyNFwvMTFcL0pBTU9OLUZPVE8tMi5qcGciLCJzbGlkZXNob3ciOiIyOWVhYzUzIn0%3D\">\n\t\t\t\t\t<div class=\"e-gallery-image elementor-gallery-item__image\" data-thumbnail=\"https:\/\/albaganadera.com\/wp-content\/uploads\/2024\/11\/JAMON-FOTO-2-199x300.jpg\" data-width=\"199\" data-height=\"300\" aria-label=\"\" role=\"img\" ><\/div>\n\t\t\t\t\t\t\t\t\t\t\t<div class=\"elementor-gallery-item__overlay\"><\/div>\n\t\t\t\t\t\t\t\t\t\t\t\t\t\t<\/a>\n\t\t\t\t\t\t\t<a class=\"e-gallery-item elementor-gallery-item elementor-animated-content\" href=\"https:\/\/albaganadera.com\/wp-content\/uploads\/2024\/11\/JAMON-FOTO-3.jpg\" data-elementor-open-lightbox=\"yes\" data-elementor-lightbox-slideshow=\"29eac53\" data-elementor-lightbox-title=\"JAMON FOTO 3\" data-e-action-hash=\"#elementor-action%3Aaction%3Dlightbox%26settings%3DeyJpZCI6MzA1LCJ1cmwiOiJodHRwczpcL1wvYWxiYWdhbmFkZXJhLmNvbVwvd3AtY29udGVudFwvdXBsb2Fkc1wvMjAyNFwvMTFcL0pBTU9OLUZPVE8tMy5qcGciLCJzbGlkZXNob3ciOiIyOWVhYzUzIn0%3D\">\n\t\t\t\t\t<div class=\"e-gallery-image elementor-gallery-item__image\" data-thumbnail=\"https:\/\/albaganadera.com\/wp-content\/uploads\/2024\/11\/JAMON-FOTO-3-300x200.jpg\" data-width=\"300\" data-height=\"200\" aria-label=\"\" role=\"img\" ><\/div>\n\t\t\t\t\t\t\t\t\t\t\t<div class=\"elementor-gallery-item__overlay\"><\/div>\n\t\t\t\t\t\t\t\t\t\t\t\t\t\t<\/a>\n\t\t\t\t\t<\/div>\n\t\t\t\t\t<\/div>\n\t\t\t\t<\/div>\n\t\t\t\t<\/div>\n\t\t<div class=\"elementor-element elementor-element-c1ec01f e-con-full e-flex e-con e-child\" data-id=\"c1ec01f\" data-element_type=\"container\" data-e-type=\"container\">\n\t\t\t\t<div class=\"elementor-element elementor-element-3742b34 elementor-widget elementor-widget-text-editor\" data-id=\"3742b34\" data-element_type=\"widget\" data-e-type=\"widget\" data-widget_type=\"text-editor.default\">\n\t\t\t\t<div class=\"elementor-widget-container\">\n\t\t\t\t\t\t\t\t\t<p><em>Entdecken Sie den authentischen Geschmack des Bio-Serrano-Schinkens, der aus Fleisch von Schweinen aus \u00f6kologischer Haltung hergestellt wird. Unsere Schweine werden ausschlie\u00dflich mit Bio-Getreide, -H\u00fclsenfr\u00fcchten und -Futter gef\u00fcttert und erhalten so eine nat\u00fcrliche und gesunde Ern\u00e4hrung. Dar\u00fcber hinaus werden unsere Tiere nicht mit Antibiotika behandelt und sind frei von GVO, Konservierungsmitteln und k\u00fcnstlichen Farbstoffen.<\/em><\/p><p><em>Wir von Sue\u00f1os de Alba Ganadera sind stolz darauf, Schinken anzubieten, der keine chemischen Zusatzstoffe enth\u00e4lt. Jedes St\u00fcck ist das Ergebnis einer sorgf\u00e4ltigen Auswahl und P\u00f6kelung, die die Tradition und Qualit\u00e4t von Bio-Schweinefleisch respektiert.<\/em><\/p><p><em>Alle unsere Produkte tragen das Siegel, das ihre biologische Herkunft garantiert, so dass Sie die Gewissheit haben, dass Sie ein Produkt von h\u00f6chster Qualit\u00e4t und Nachhaltigkeit w\u00e4hlen.<\/em><\/p><p><em>Genie\u00dfen Sie ein einzigartiges gastronomisches Erlebnis mit unserem Bio-Serrano-Schinken, ein wahrer Genuss f\u00fcr die Sinne.<\/em><\/p>\t\t\t\t\t\t\t\t<\/div>\n\t\t\t\t<\/div>\n\t\t\t\t<\/div>\n\t\t\t\t\t<\/div>\n\t\t\t\t<\/div>\n\t\t\t\t<\/div>\n\t\t","protected":false},"excerpt":{"rendered":"<p>Entdecken Sie den authentischen Geschmack des Bio-Serrano-Schinkens, der aus Fleisch von Schweinen aus \u00f6kologischer Haltung hergestellt wird. Unsere Schweine werden ausschlie\u00dflich mit Bio-Getreide, -H\u00fclsenfr\u00fcchten und -Futter gef\u00fcttert und erhalten so eine nat\u00fcrliche und gesunde Ern\u00e4hrung. Dar\u00fcber hinaus werden unsere Tiere nicht mit Antibiotika behandelt und sind frei von GVO, Konservierungsmitteln und k\u00fcnstlichen Farbstoffen. Wir von [&hellip;]<\/p>\n","protected":false},"author":1,"featured_media":0,"parent":421,"menu_order":0,"comment_status":"closed","ping_status":"closed","template":"","meta":{"footnotes":""},"class_list":["post-385","page","type-page","status-publish","hentry"],"_links":{"self":[{"href":"https:\/\/albaganadera.com\/de\/wp-json\/wp\/v2\/pages\/385","targetHints":{"allow":["GET"]}}],"collection":[{"href":"https:\/\/albaganadera.com\/de\/wp-json\/wp\/v2\/pages"}],"about":[{"href":"https:\/\/albaganadera.com\/de\/wp-json\/wp\/v2\/types\/page"}],"author":[{"embeddable":true,"href":"https:\/\/albaganadera.com\/de\/wp-json\/wp\/v2\/users\/1"}],"replies":[{"embeddable":true,"href":"https:\/\/albaganadera.com\/de\/wp-json\/wp\/v2\/comments?post=385"}],"version-history":[{"count":13,"href":"https:\/\/albaganadera.com\/de\/wp-json\/wp\/v2\/pages\/385\/revisions"}],"predecessor-version":[{"id":649,"href":"https:\/\/albaganadera.com\/de\/wp-json\/wp\/v2\/pages\/385\/revisions\/649"}],"up":[{"embeddable":true,"href":"https:\/\/albaganadera.com\/de\/wp-json\/wp\/v2\/pages\/421"}],"wp:attachment":[{"href":"https:\/\/albaganadera.com\/de\/wp-json\/wp\/v2\/media?parent=385"}],"curies":[{"name":"wp","href":"https:\/\/api.w.org\/{rel}","templated":true}]}}