{"id":381,"date":"2024-11-27T07:37:54","date_gmt":"2024-11-27T07:37:54","guid":{"rendered":"https:\/\/albaganadera.com\/chorizo-sarta-bio\/"},"modified":"2026-02-07T12:05:11","modified_gmt":"2026-02-07T12:05:11","slug":"chorizo-sarta-bio","status":"publish","type":"page","link":"https:\/\/albaganadera.com\/de\/productos\/chorizo-sarta-bio\/","title":{"rendered":"Chorizo Sarta Bio"},"content":{"rendered":"\t\t<div data-elementor-type=\"wp-page\" data-elementor-id=\"381\" class=\"elementor elementor-381 elementor-351\" data-elementor-post-type=\"page\">\n\t\t\t\t<div class=\"elementor-element elementor-element-5dd02fa e-flex e-con-boxed e-con e-parent\" data-id=\"5dd02fa\" data-element_type=\"container\" data-e-type=\"container\">\n\t\t\t\t\t<div class=\"e-con-inner\">\n\t\t\t\t<div class=\"elementor-element elementor-element-32873fb elementor-widget elementor-widget-spacer\" data-id=\"32873fb\" data-element_type=\"widget\" data-e-type=\"widget\" data-widget_type=\"spacer.default\">\n\t\t\t\t<div class=\"elementor-widget-container\">\n\t\t\t\t\t\t\t<div class=\"elementor-spacer\">\n\t\t\t<div class=\"elementor-spacer-inner\"><\/div>\n\t\t<\/div>\n\t\t\t\t\t\t<\/div>\n\t\t\t\t<\/div>\n\t\t\t\t<div class=\"elementor-element elementor-element-41d4605 elementor-widget elementor-widget-heading\" data-id=\"41d4605\" data-element_type=\"widget\" data-e-type=\"widget\" data-widget_type=\"heading.default\">\n\t\t\t\t<div class=\"elementor-widget-container\">\n\t\t\t\t\t<h2 class=\"elementor-heading-title elementor-size-default\">Chorizo Sarta Bio<\/h2>\t\t\t\t<\/div>\n\t\t\t\t<\/div>\n\t\t\t\t\t<\/div>\n\t\t\t\t<\/div>\n\t\t<div class=\"elementor-element elementor-element-e5b3927 e-flex e-con-boxed e-con e-parent\" data-id=\"e5b3927\" data-element_type=\"container\" data-e-type=\"container\">\n\t\t\t\t\t<div class=\"e-con-inner\">\n\t\t<div class=\"elementor-element elementor-element-d370555 e-con-full e-flex e-con e-child\" data-id=\"d370555\" data-element_type=\"container\" data-e-type=\"container\">\n\t\t\t\t<div class=\"elementor-element elementor-element-c78eede elementor-widget elementor-widget-gallery\" data-id=\"c78eede\" data-element_type=\"widget\" data-e-type=\"widget\" data-settings=\"{&quot;gallery_layout&quot;:&quot;masonry&quot;,&quot;columns&quot;:2,&quot;lazyload&quot;:&quot;yes&quot;,&quot;columns_tablet&quot;:2,&quot;columns_mobile&quot;:1,&quot;gap&quot;:{&quot;unit&quot;:&quot;px&quot;,&quot;size&quot;:10,&quot;sizes&quot;:[]},&quot;gap_tablet&quot;:{&quot;unit&quot;:&quot;px&quot;,&quot;size&quot;:10,&quot;sizes&quot;:[]},&quot;gap_mobile&quot;:{&quot;unit&quot;:&quot;px&quot;,&quot;size&quot;:10,&quot;sizes&quot;:[]},&quot;link_to&quot;:&quot;file&quot;,&quot;overlay_background&quot;:&quot;yes&quot;,&quot;content_hover_animation&quot;:&quot;fade-in&quot;}\" data-widget_type=\"gallery.default\">\n\t\t\t\t<div class=\"elementor-widget-container\">\n\t\t\t\t\t\t\t<div class=\"elementor-gallery__container\">\n\t\t\t\t\t\t\t<a class=\"e-gallery-item elementor-gallery-item elementor-animated-content\" href=\"https:\/\/albaganadera.com\/wp-content\/uploads\/2024\/11\/SARTA-FOTO-2.jpg\" data-elementor-open-lightbox=\"yes\" data-elementor-lightbox-slideshow=\"c78eede\" data-elementor-lightbox-title=\"SARTA FOTO 2\" data-e-action-hash=\"#elementor-action%3Aaction%3Dlightbox%26settings%3DeyJpZCI6MzYwLCJ1cmwiOiJodHRwczpcL1wvYWxiYWdhbmFkZXJhLmNvbVwvd3AtY29udGVudFwvdXBsb2Fkc1wvMjAyNFwvMTFcL1NBUlRBLUZPVE8tMi5qcGciLCJzbGlkZXNob3ciOiJjNzhlZWRlIn0%3D\">\n\t\t\t\t\t<div class=\"e-gallery-image elementor-gallery-item__image\" data-thumbnail=\"https:\/\/albaganadera.com\/wp-content\/uploads\/2024\/11\/SARTA-FOTO-2-300x198.jpg\" data-width=\"300\" data-height=\"198\" aria-label=\"\" role=\"img\" ><\/div>\n\t\t\t\t\t\t\t\t\t\t\t<div class=\"elementor-gallery-item__overlay\"><\/div>\n\t\t\t\t\t\t\t\t\t\t\t\t\t\t<\/a>\n\t\t\t\t\t\t\t<a class=\"e-gallery-item elementor-gallery-item elementor-animated-content\" href=\"https:\/\/albaganadera.com\/wp-content\/uploads\/2024\/11\/SARTA-FOTO-1.jpg\" data-elementor-open-lightbox=\"yes\" data-elementor-lightbox-slideshow=\"c78eede\" data-elementor-lightbox-title=\"SARTA FOTO 1\" data-e-action-hash=\"#elementor-action%3Aaction%3Dlightbox%26settings%3DeyJpZCI6MzU2LCJ1cmwiOiJodHRwczpcL1wvYWxiYWdhbmFkZXJhLmNvbVwvd3AtY29udGVudFwvdXBsb2Fkc1wvMjAyNFwvMTFcL1NBUlRBLUZPVE8tMS5qcGciLCJzbGlkZXNob3ciOiJjNzhlZWRlIn0%3D\">\n\t\t\t\t\t<div class=\"e-gallery-image elementor-gallery-item__image\" data-thumbnail=\"https:\/\/albaganadera.com\/wp-content\/uploads\/2024\/11\/SARTA-FOTO-1-300x200.jpg\" data-width=\"300\" data-height=\"200\" aria-label=\"\" role=\"img\" ><\/div>\n\t\t\t\t\t\t\t\t\t\t\t<div class=\"elementor-gallery-item__overlay\"><\/div>\n\t\t\t\t\t\t\t\t\t\t\t\t\t\t<\/a>\n\t\t\t\t\t<\/div>\n\t\t\t\t\t<\/div>\n\t\t\t\t<\/div>\n\t\t\t\t<\/div>\n\t\t<div class=\"elementor-element elementor-element-463446a e-con-full e-flex e-con e-child\" data-id=\"463446a\" data-element_type=\"container\" data-e-type=\"container\">\n\t\t\t\t<div class=\"elementor-element elementor-element-b670446 elementor-widget elementor-widget-text-editor\" data-id=\"b670446\" data-element_type=\"widget\" data-e-type=\"widget\" data-widget_type=\"text-editor.default\">\n\t\t\t\t<div class=\"elementor-widget-container\">\n\t\t\t\t\t\t\t\t\t<p>Lassen Sie die Tradition wieder aufleben mit unserer Chorizo Sarta Bio, einem Produkt, das an die alten Techniken der spanischen Charcuterie erinnert. Diese Chorizo wird in einem Hufeisenformat pr\u00e4sentiert, das ihr handwerkliches Erbe hervorhebt. <\/p><p>Hergestellt aus dem Fleisch von Schweinen aus eigener Aufzucht, die ausschlie\u00dflich mit biologischem Getreide, H\u00fclsenfr\u00fcchten und Futtermitteln gef\u00fcttert werden, garantieren wir einen authentischen Geschmack. Die Gew\u00fcrzmischung mit ger\u00e4uchertem Paprika und Knoblauch ist frei von Antibiotika, gentechnisch ver\u00e4nderten Organismen, Konservierungsmitteln und k\u00fcnstlichen Farbstoffen und kommt in jedem Bissen zur Geltung. <\/p><p>Bei <strong>Sue\u00f1os de Alba Ganadera<\/strong> setzen wir auf Nachhaltigkeit und Qualit\u00e4t. Jede Chorizo tr\u00e4gt das Siegel, das ihre biologische Herkunft bescheinigt, damit Sie eine verantwortungsvolle Wahl treffen k\u00f6nnen. <\/p><p>Unsere Chorizo Sarta Bio ist eine Hommage an die reiche Tradition spanischer Wurstwaren und eignet sich perfekt f\u00fcr Tapas oder zum Selbermachen.<\/p>\t\t\t\t\t\t\t\t<\/div>\n\t\t\t\t<\/div>\n\t\t\t\t<\/div>\n\t\t\t\t\t<\/div>\n\t\t\t\t<\/div>\n\t\t\t\t<\/div>\n\t\t","protected":false},"excerpt":{"rendered":"<p>Lassen Sie die Tradition wieder aufleben mit unserer Chorizo Sarta Bio, einem Produkt, das an die alten Techniken der spanischen Charcuterie erinnert. Diese Chorizo wird in einem Hufeisenformat pr\u00e4sentiert, das ihr handwerkliches Erbe hervorhebt. Hergestellt aus dem Fleisch von Schweinen aus eigener Aufzucht, die ausschlie\u00dflich mit biologischem Getreide, H\u00fclsenfr\u00fcchten und Futtermitteln gef\u00fcttert werden, garantieren wir [&hellip;]<\/p>\n","protected":false},"author":1,"featured_media":0,"parent":421,"menu_order":0,"comment_status":"closed","ping_status":"closed","template":"","meta":{"footnotes":""},"class_list":["post-381","page","type-page","status-publish","hentry"],"_links":{"self":[{"href":"https:\/\/albaganadera.com\/de\/wp-json\/wp\/v2\/pages\/381","targetHints":{"allow":["GET"]}}],"collection":[{"href":"https:\/\/albaganadera.com\/de\/wp-json\/wp\/v2\/pages"}],"about":[{"href":"https:\/\/albaganadera.com\/de\/wp-json\/wp\/v2\/types\/page"}],"author":[{"embeddable":true,"href":"https:\/\/albaganadera.com\/de\/wp-json\/wp\/v2\/users\/1"}],"replies":[{"embeddable":true,"href":"https:\/\/albaganadera.com\/de\/wp-json\/wp\/v2\/comments?post=381"}],"version-history":[{"count":2,"href":"https:\/\/albaganadera.com\/de\/wp-json\/wp\/v2\/pages\/381\/revisions"}],"predecessor-version":[{"id":666,"href":"https:\/\/albaganadera.com\/de\/wp-json\/wp\/v2\/pages\/381\/revisions\/666"}],"up":[{"embeddable":true,"href":"https:\/\/albaganadera.com\/de\/wp-json\/wp\/v2\/pages\/421"}],"wp:attachment":[{"href":"https:\/\/albaganadera.com\/de\/wp-json\/wp\/v2\/media?parent=381"}],"curies":[{"name":"wp","href":"https:\/\/api.w.org\/{rel}","templated":true}]}}