{"id":377,"date":"2024-11-27T07:30:34","date_gmt":"2024-11-27T07:30:34","guid":{"rendered":"https:\/\/albaganadera.com\/chorizo-bio\/"},"modified":"2026-02-17T10:45:41","modified_gmt":"2026-02-17T10:45:41","slug":"chorizo-bio","status":"publish","type":"page","link":"https:\/\/albaganadera.com\/de\/productos\/chorizo-bio\/","title":{"rendered":"Chorizo Bio"},"content":{"rendered":"\t\t<div data-elementor-type=\"wp-page\" data-elementor-id=\"377\" class=\"elementor elementor-377 elementor-332\" data-elementor-post-type=\"page\">\n\t\t\t\t<div class=\"elementor-element elementor-element-64c84a4 e-flex e-con-boxed e-con e-parent\" data-id=\"64c84a4\" data-element_type=\"container\" data-e-type=\"container\">\n\t\t\t\t\t<div class=\"e-con-inner\">\n\t\t\t\t<div class=\"elementor-element elementor-element-3a4b022 elementor-widget elementor-widget-spacer\" data-id=\"3a4b022\" data-element_type=\"widget\" data-e-type=\"widget\" data-widget_type=\"spacer.default\">\n\t\t\t\t<div class=\"elementor-widget-container\">\n\t\t\t\t\t\t\t<div class=\"elementor-spacer\">\n\t\t\t<div class=\"elementor-spacer-inner\"><\/div>\n\t\t<\/div>\n\t\t\t\t\t\t<\/div>\n\t\t\t\t<\/div>\n\t\t\t\t<div class=\"elementor-element elementor-element-c05808a elementor-widget elementor-widget-heading\" data-id=\"c05808a\" data-element_type=\"widget\" data-e-type=\"widget\" data-widget_type=\"heading.default\">\n\t\t\t\t<div class=\"elementor-widget-container\">\n\t\t\t\t\t<h1 class=\"elementor-heading-title elementor-size-default\">Chorizo Bio<\/h1>\t\t\t\t<\/div>\n\t\t\t\t<\/div>\n\t\t\t\t\t<\/div>\n\t\t\t\t<\/div>\n\t\t<div class=\"elementor-element elementor-element-7f8dcbb e-flex e-con-boxed e-con e-parent\" data-id=\"7f8dcbb\" data-element_type=\"container\" data-e-type=\"container\">\n\t\t\t\t\t<div class=\"e-con-inner\">\n\t\t<div class=\"elementor-element elementor-element-88cf72d e-con-full e-flex e-con e-child\" data-id=\"88cf72d\" data-element_type=\"container\" data-e-type=\"container\">\n\t\t\t\t<div class=\"elementor-element elementor-element-7117c70 elementor-widget elementor-widget-gallery\" data-id=\"7117c70\" data-element_type=\"widget\" data-e-type=\"widget\" data-settings=\"{&quot;gallery_layout&quot;:&quot;masonry&quot;,&quot;columns&quot;:2,&quot;lazyload&quot;:&quot;yes&quot;,&quot;columns_tablet&quot;:2,&quot;columns_mobile&quot;:1,&quot;gap&quot;:{&quot;unit&quot;:&quot;px&quot;,&quot;size&quot;:10,&quot;sizes&quot;:[]},&quot;gap_tablet&quot;:{&quot;unit&quot;:&quot;px&quot;,&quot;size&quot;:10,&quot;sizes&quot;:[]},&quot;gap_mobile&quot;:{&quot;unit&quot;:&quot;px&quot;,&quot;size&quot;:10,&quot;sizes&quot;:[]},&quot;link_to&quot;:&quot;file&quot;,&quot;overlay_background&quot;:&quot;yes&quot;,&quot;content_hover_animation&quot;:&quot;fade-in&quot;}\" data-widget_type=\"gallery.default\">\n\t\t\t\t<div class=\"elementor-widget-container\">\n\t\t\t\t\t\t\t<div class=\"elementor-gallery__container\">\n\t\t\t\t\t\t\t<a class=\"e-gallery-item elementor-gallery-item elementor-animated-content\" href=\"https:\/\/albaganadera.com\/wp-content\/uploads\/2024\/11\/CHORIZO-FOTO-1.jpg\" data-elementor-open-lightbox=\"yes\" data-elementor-lightbox-slideshow=\"7117c70\" data-elementor-lightbox-title=\"CHORIZO FOTO 1\" data-e-action-hash=\"#elementor-action%3Aaction%3Dlightbox%26settings%3DeyJpZCI6MzQwLCJ1cmwiOiJodHRwczpcL1wvYWxiYWdhbmFkZXJhLmNvbVwvd3AtY29udGVudFwvdXBsb2Fkc1wvMjAyNFwvMTFcL0NIT1JJWk8tRk9UTy0xLmpwZyIsInNsaWRlc2hvdyI6IjcxMTdjNzAifQ%3D%3D\">\n\t\t\t\t\t<div class=\"e-gallery-image elementor-gallery-item__image\" data-thumbnail=\"https:\/\/albaganadera.com\/wp-content\/uploads\/2024\/11\/CHORIZO-FOTO-1-300x200.jpg\" data-width=\"300\" data-height=\"200\" aria-label=\"\" role=\"img\" ><\/div>\n\t\t\t\t\t\t\t\t\t\t\t<div class=\"elementor-gallery-item__overlay\"><\/div>\n\t\t\t\t\t\t\t\t\t\t\t\t\t\t<\/a>\n\t\t\t\t\t\t\t<a class=\"e-gallery-item elementor-gallery-item elementor-animated-content\" href=\"https:\/\/albaganadera.com\/wp-content\/uploads\/2024\/11\/CHORIZO-FOTO-2.jpg\" data-elementor-open-lightbox=\"yes\" data-elementor-lightbox-slideshow=\"7117c70\" data-elementor-lightbox-title=\"CHORIZO FOTO 2\" data-e-action-hash=\"#elementor-action%3Aaction%3Dlightbox%26settings%3DeyJpZCI6MzQ0LCJ1cmwiOiJodHRwczpcL1wvYWxiYWdhbmFkZXJhLmNvbVwvd3AtY29udGVudFwvdXBsb2Fkc1wvMjAyNFwvMTFcL0NIT1JJWk8tRk9UTy0yLmpwZyIsInNsaWRlc2hvdyI6IjcxMTdjNzAifQ%3D%3D\">\n\t\t\t\t\t<div class=\"e-gallery-image elementor-gallery-item__image\" data-thumbnail=\"https:\/\/albaganadera.com\/wp-content\/uploads\/2024\/11\/CHORIZO-FOTO-2-200x300.jpg\" data-width=\"200\" data-height=\"300\" aria-label=\"\" role=\"img\" ><\/div>\n\t\t\t\t\t\t\t\t\t\t\t<div class=\"elementor-gallery-item__overlay\"><\/div>\n\t\t\t\t\t\t\t\t\t\t\t\t\t\t<\/a>\n\t\t\t\t\t<\/div>\n\t\t\t\t\t<\/div>\n\t\t\t\t<\/div>\n\t\t\t\t<\/div>\n\t\t<div class=\"elementor-element elementor-element-342a4f9 e-con-full e-flex e-con e-child\" data-id=\"342a4f9\" data-element_type=\"container\" data-e-type=\"container\">\n\t\t\t\t<div class=\"elementor-element elementor-element-8524218 elementor-widget elementor-widget-text-editor\" data-id=\"8524218\" data-element_type=\"widget\" data-e-type=\"widget\" data-widget_type=\"text-editor.default\">\n\t\t\t\t<div class=\"elementor-widget-container\">\n\t\t\t\t\t\t\t\t\t<p>Entdecken Sie den authentischen Geschmack unserer Bio-Chorizo, die aus dem Fleisch von Schweinen hergestellt wird, die in unseren eigenen Betrieben unter strengen \u00f6kologischen Produktionsbedingungen aufgezogen werden. Ausschlie\u00dflich mit Bio-Getreide, -H\u00fclsenfr\u00fcchten und -Futter gef\u00fcttert, garantieren wir ein nahrhaftes und leckeres Produkt.<\/p><p>Unsere Chorizo ist frei von Antibiotika, GVO, Konservierungsstoffen und k\u00fcnstlichen Farbstoffen. Stattdessen unterstreicht die Mischung traditioneller Gew\u00fcrze ihren nat\u00fcrlichen Geschmack und bietet ein unvergleichliches Geschmackserlebnis. En su lugar, la mezcla de especias tradicionales resalta su sabor natural, ofreciendo una experiencia gustativa inigualable. <\/p><p>Bei Sue\u00f1os de Alba Ganadera setzen wir auf Nachhaltigkeit und Qualit\u00e4t. Jede Chorizo tr\u00e4gt das Siegel, das ihre biologische Herkunft bescheinigt. So k\u00f6nnen Sie sicher sein, dass Sie ein verantwortungsvolles Produkt w\u00e4hlen. Unsere Bio-Chorizo ist ein wahrer Schatz der spanischen Gastronomie und eignet sich ideal zum Teilen als Tapas oder zum puren Verzehr. Unsere Bio-Chorizo ist ein wahrer Schatz der spanischen Gastronomie und eignet sich ideal zum Teilen als Tapas oder zum puren Verzehr. <\/p><p>Ideal para compartir en tapas o disfrutar solo, nuestro Chorizo Ecol\u00f3gico es un verdadero tesoro de la gastronom\u00eda espa\u00f1ola<\/p>\t\t\t\t\t\t\t\t<\/div>\n\t\t\t\t<\/div>\n\t\t\t\t<\/div>\n\t\t\t\t\t<\/div>\n\t\t\t\t<\/div>\n\t\t\t\t<\/div>\n\t\t","protected":false},"excerpt":{"rendered":"<p>Entdecken Sie den authentischen Geschmack unserer Bio-Chorizo, die aus dem Fleisch von Schweinen hergestellt wird, die in unseren eigenen Betrieben unter strengen \u00f6kologischen Produktionsbedingungen aufgezogen werden. Ausschlie\u00dflich mit Bio-Getreide, -H\u00fclsenfr\u00fcchten und -Futter gef\u00fcttert, garantieren wir ein nahrhaftes und leckeres Produkt. Unsere Chorizo ist frei von Antibiotika, GVO, Konservierungsstoffen und k\u00fcnstlichen Farbstoffen. Stattdessen unterstreicht die Mischung [&hellip;]<\/p>\n","protected":false},"author":1,"featured_media":0,"parent":421,"menu_order":0,"comment_status":"closed","ping_status":"closed","template":"","meta":{"footnotes":""},"class_list":["post-377","page","type-page","status-publish","hentry"],"_links":{"self":[{"href":"https:\/\/albaganadera.com\/de\/wp-json\/wp\/v2\/pages\/377","targetHints":{"allow":["GET"]}}],"collection":[{"href":"https:\/\/albaganadera.com\/de\/wp-json\/wp\/v2\/pages"}],"about":[{"href":"https:\/\/albaganadera.com\/de\/wp-json\/wp\/v2\/types\/page"}],"author":[{"embeddable":true,"href":"https:\/\/albaganadera.com\/de\/wp-json\/wp\/v2\/users\/1"}],"replies":[{"embeddable":true,"href":"https:\/\/albaganadera.com\/de\/wp-json\/wp\/v2\/comments?post=377"}],"version-history":[{"count":3,"href":"https:\/\/albaganadera.com\/de\/wp-json\/wp\/v2\/pages\/377\/revisions"}],"predecessor-version":[{"id":677,"href":"https:\/\/albaganadera.com\/de\/wp-json\/wp\/v2\/pages\/377\/revisions\/677"}],"up":[{"embeddable":true,"href":"https:\/\/albaganadera.com\/de\/wp-json\/wp\/v2\/pages\/421"}],"wp:attachment":[{"href":"https:\/\/albaganadera.com\/de\/wp-json\/wp\/v2\/media?parent=377"}],"curies":[{"name":"wp","href":"https:\/\/api.w.org\/{rel}","templated":true}]}}