{"id":245,"date":"2022-12-08T10:21:41","date_gmt":"2022-12-08T10:21:41","guid":{"rendered":"https:\/\/albaganadera.com\/ganaderia-propia\/"},"modified":"2026-02-07T14:53:45","modified_gmt":"2026-02-07T14:53:45","slug":"ganaderia-propia","status":"publish","type":"page","link":"https:\/\/albaganadera.com\/de\/ganaderia-propia\/","title":{"rendered":"Eigene Nutztiere"},"content":{"rendered":"\t\t<div data-elementor-type=\"wp-post\" data-elementor-id=\"245\" class=\"elementor elementor-245 elementor-22\" data-elementor-post-type=\"page\">\n\t\t\t\t<div class=\"elementor-element elementor-element-fc8e7e8 e-flex e-con-boxed e-con e-parent\" data-id=\"fc8e7e8\" data-element_type=\"container\" data-e-type=\"container\">\n\t\t\t\t\t<div class=\"e-con-inner\">\n\t\t\t\t<div class=\"elementor-element elementor-element-fb7298b elementor-widget elementor-widget-image\" data-id=\"fb7298b\" data-element_type=\"widget\" data-e-type=\"widget\" data-widget_type=\"image.default\">\n\t\t\t\t<div class=\"elementor-widget-container\">\n\t\t\t\t\t\t\t\t\t\t\t\t\t\t\t<img fetchpriority=\"high\" decoding=\"async\" width=\"800\" height=\"531\" src=\"https:\/\/albaganadera.com\/wp-content\/uploads\/2022\/12\/toros-de-guisando-1024x680.jpg\" class=\"attachment-large size-large wp-image-184\" alt=\"\" srcset=\"https:\/\/albaganadera.com\/wp-content\/uploads\/2022\/12\/toros-de-guisando-1024x680.jpg 1024w, https:\/\/albaganadera.com\/wp-content\/uploads\/2022\/12\/toros-de-guisando-300x199.jpg 300w, https:\/\/albaganadera.com\/wp-content\/uploads\/2022\/12\/toros-de-guisando-768x510.jpg 768w, https:\/\/albaganadera.com\/wp-content\/uploads\/2022\/12\/toros-de-guisando-1536x1020.jpg 1536w, https:\/\/albaganadera.com\/wp-content\/uploads\/2022\/12\/toros-de-guisando-2048x1360.jpg 2048w\" sizes=\"(max-width: 800px) 100vw, 800px\" \/>\t\t\t\t\t\t\t\t\t\t\t\t\t\t\t<\/div>\n\t\t\t\t<\/div>\n\t\t<div class=\"elementor-element elementor-element-01c91d4 e-flex e-con-boxed e-con e-child\" data-id=\"01c91d4\" data-element_type=\"container\" data-e-type=\"container\">\n\t\t\t\t\t<div class=\"e-con-inner\">\n\t\t\t\t<div class=\"elementor-element elementor-element-2fc9f14 elementor-widget elementor-widget-text-editor\" data-id=\"2fc9f14\" data-element_type=\"widget\" data-e-type=\"widget\" data-widget_type=\"text-editor.default\">\n\t\t\t\t<div class=\"elementor-widget-container\">\n\t\t\t\t\t\t\t\t\t<p>Eigene Nutztiere<\/p>\t\t\t\t\t\t\t\t<\/div>\n\t\t\t\t<\/div>\n\t\t\t\t<div class=\"elementor-element elementor-element-d0c53f1 elementor-widget elementor-widget-text-editor\" data-id=\"d0c53f1\" data-element_type=\"widget\" data-e-type=\"widget\" data-widget_type=\"text-editor.default\">\n\t\t\t\t<div class=\"elementor-widget-container\">\n\t\t\t\t\t\t\t\t\t<p><strong>Sue\u00f1os de Alba Ganadera<\/strong> verf\u00fcgt \u00fcber eigene Farmen in den Provinzen \u00c1vila und Teruel. Diese direkte Kontrolle erm\u00f6glicht es uns, die Qualit\u00e4t und die kontinuierliche Versorgung mit den f\u00fcr die Herstellung unserer frischen und gep\u00f6kelten Produkte erforderlichen Rohstoffen zu gew\u00e4hrleisten.<\/p><p>Unsere Schweine werden unter strengen \u00f6kologischen Bedingungen aufgezogen und erf\u00fcllen alle Anforderungen der geltenden Gesetzgebung. Die St\u00e4lle sind offen und bieten viel Platz, mit einer geringen Dichte pro Tier, so dass sich die Tiere frei bewegen, spielen und entspannen k\u00f6nnen. Auf diese Weise stellen wir sicher, dass sie sich in einer nat\u00fcrlichen und gesunden Umgebung entwickeln k\u00f6nnen, wobei wir ihren Lebenszyklus respektieren und ihr Wohlergehen unter den bestm\u00f6glichen Bedingungen garantieren. Die St\u00e4lle sind offen und bieten viel Platz, mit einer geringen Dichte pro Tier, so dass sich die Tiere frei bewegen, spielen und Stress abbauen k\u00f6nnen. Auf diese Weise stellen wir sicher, dass sie sich in einer nat\u00fcrlichen und gesunden Umgebung entwickeln k\u00f6nnen, wobei wir ihren Lebenszyklus respektieren und ihr Wohlergehen unter den bestm\u00f6glichen Bedingungen gew\u00e4hrleisten.<\/p>\t\t\t\t\t\t\t\t<\/div>\n\t\t\t\t<\/div>\n\t\t\t\t\t<\/div>\n\t\t\t\t<\/div>\n\t\t\t\t\t<\/div>\n\t\t\t\t<\/div>\n\t\t<div class=\"elementor-element elementor-element-40b2d29 e-flex e-con-boxed e-con e-parent\" data-id=\"40b2d29\" data-element_type=\"container\" data-e-type=\"container\">\n\t\t\t\t\t<div class=\"e-con-inner\">\n\t\t\t\t\t<\/div>\n\t\t\t\t<\/div>\n\t\t<div class=\"elementor-element elementor-element-df85a8b e-flex e-con-boxed e-con e-parent\" data-id=\"df85a8b\" data-element_type=\"container\" data-e-type=\"container\">\n\t\t\t\t\t<div class=\"e-con-inner\">\n\t\t<div class=\"elementor-element elementor-element-285a062 e-flex e-con-boxed e-con e-child\" data-id=\"285a062\" data-element_type=\"container\" data-e-type=\"container\">\n\t\t\t\t\t<div class=\"e-con-inner\">\n\t\t\t\t<div class=\"elementor-element elementor-element-72cf317 elementor-widget elementor-widget-text-editor\" data-id=\"72cf317\" data-element_type=\"widget\" data-e-type=\"widget\" data-widget_type=\"text-editor.default\">\n\t\t\t\t<div class=\"elementor-widget-container\">\n\t\t\t\t\t\t\t\t\t<p>AUFZUCHT UND VERARBEITUNG<\/p>\t\t\t\t\t\t\t\t<\/div>\n\t\t\t\t<\/div>\n\t\t\t\t<div class=\"elementor-element elementor-element-d3f7dd1 elementor-widget elementor-widget-text-editor\" data-id=\"d3f7dd1\" data-element_type=\"widget\" data-e-type=\"widget\" data-widget_type=\"text-editor.default\">\n\t\t\t\t<div class=\"elementor-widget-container\">\n\t\t\t\t\t\t\t\t\t<p>Auf unseren Farmen steht das Wohlergehen der Tiere an erster Stelle. Wir z\u00fcchten Duroc-Schweine, die f\u00fcr ihre Qualit\u00e4t bekannt sind, und f\u00fcttern sie ausschlie\u00dflich mit Bio-Getreide, -H\u00fclsenfr\u00fcchten und -Futter von zertifizierten Lieferanten. Dieser Ansatz sorgt nicht nur f\u00fcr gesunde und nat\u00fcrliche Lebensmittel, sondern unterstreicht auch unser Engagement f\u00fcr Nachhaltigkeit und den Schutz der Umwelt.<\/p><p>Die Zucht ist auf Pr\u00e4vention ausgerichtet und konzentriert sich auf Praktiken, die den unn\u00f6tigen Einsatz von Antibiotika vermeiden. Dies erm\u00f6glicht es uns, unsere Tiere bei optimaler Gesundheit zu halten und gleichzeitig die Umweltbelastung zu minimieren und eine verantwortungsvolle Produktion zu f\u00f6rdern.<\/p><p>Au\u00dferdem sind unsere Betriebe Teil eines vollst\u00e4ndig nachhaltigen landwirtschaftlichen Kreislaufs. Durch einen sorgf\u00e4ltigen Kompostierungsprozess produzieren wir hochwertigen Kompost, der zur Anreicherung und Regeneration der B\u00f6den anderer Biobauern verwendet wird. Diese Praxis optimiert nicht nur die Nutzung der nat\u00fcrlichen Ressourcen, sondern f\u00f6rdert auch die Artenvielfalt und verbessert die Bodenfruchtbarkeit auf nat\u00fcrliche Weise. Auf diese Weise tragen wir aktiv dazu bei, den Kreislauf des \u00f6kologischen Landbaus zu schlie\u00dfen und ein widerstandsf\u00e4higeres und umweltfreundlicheres Produktionsmodell zu f\u00f6rdern, das den Prinzipien der regenerativen Landwirtschaft entspricht.<\/p>\t\t\t\t\t\t\t\t<\/div>\n\t\t\t\t<\/div>\n\t\t\t\t\t<\/div>\n\t\t\t\t<\/div>\n\t\t\t\t<div class=\"elementor-element elementor-element-e6faedf elementor-widget elementor-widget-image\" data-id=\"e6faedf\" data-element_type=\"widget\" data-e-type=\"widget\" data-widget_type=\"image.default\">\n\t\t\t\t<div class=\"elementor-widget-container\">\n\t\t\t\t\t\t\t\t\t\t\t\t\t\t\t<img decoding=\"async\" width=\"768\" height=\"512\" src=\"https:\/\/albaganadera.com\/wp-content\/uploads\/2022\/12\/19-768x512.jpg\" class=\"attachment-medium_large size-medium_large wp-image-211\" alt=\"\" srcset=\"https:\/\/albaganadera.com\/wp-content\/uploads\/2022\/12\/19-768x512.jpg 768w, https:\/\/albaganadera.com\/wp-content\/uploads\/2022\/12\/19-300x200.jpg 300w, https:\/\/albaganadera.com\/wp-content\/uploads\/2022\/12\/19-1024x682.jpg 1024w, https:\/\/albaganadera.com\/wp-content\/uploads\/2022\/12\/19-1536x1024.jpg 1536w, https:\/\/albaganadera.com\/wp-content\/uploads\/2022\/12\/19-2048x1365.jpg 2048w\" sizes=\"(max-width: 768px) 100vw, 768px\" \/>\t\t\t\t\t\t\t\t\t\t\t\t\t\t\t<\/div>\n\t\t\t\t<\/div>\n\t\t\t\t\t<\/div>\n\t\t\t\t<\/div>\n\t\t\t\t<\/div>\n\t\t","protected":false},"excerpt":{"rendered":"<p>Eigene Nutztiere Sue\u00f1os de Alba Ganadera verf\u00fcgt \u00fcber eigene Farmen in den Provinzen \u00c1vila und Teruel. Diese direkte Kontrolle erm\u00f6glicht es uns, die Qualit\u00e4t und die kontinuierliche Versorgung mit den f\u00fcr die Herstellung unserer frischen und gep\u00f6kelten Produkte erforderlichen Rohstoffen zu gew\u00e4hrleisten. Unsere Schweine werden unter strengen \u00f6kologischen Bedingungen aufgezogen und erf\u00fcllen alle Anforderungen der [&hellip;]<\/p>\n","protected":false},"author":1,"featured_media":0,"parent":0,"menu_order":0,"comment_status":"closed","ping_status":"closed","template":"","meta":{"footnotes":""},"class_list":["post-245","page","type-page","status-publish","hentry"],"_links":{"self":[{"href":"https:\/\/albaganadera.com\/de\/wp-json\/wp\/v2\/pages\/245","targetHints":{"allow":["GET"]}}],"collection":[{"href":"https:\/\/albaganadera.com\/de\/wp-json\/wp\/v2\/pages"}],"about":[{"href":"https:\/\/albaganadera.com\/de\/wp-json\/wp\/v2\/types\/page"}],"author":[{"embeddable":true,"href":"https:\/\/albaganadera.com\/de\/wp-json\/wp\/v2\/users\/1"}],"replies":[{"embeddable":true,"href":"https:\/\/albaganadera.com\/de\/wp-json\/wp\/v2\/comments?post=245"}],"version-history":[{"count":13,"href":"https:\/\/albaganadera.com\/de\/wp-json\/wp\/v2\/pages\/245\/revisions"}],"predecessor-version":[{"id":874,"href":"https:\/\/albaganadera.com\/de\/wp-json\/wp\/v2\/pages\/245\/revisions\/874"}],"wp:attachment":[{"href":"https:\/\/albaganadera.com\/de\/wp-json\/wp\/v2\/media?parent=245"}],"curies":[{"name":"wp","href":"https:\/\/api.w.org\/{rel}","templated":true}]}}