{"id":222,"date":"2022-12-08T10:18:56","date_gmt":"2022-12-08T10:18:56","guid":{"rendered":"https:\/\/albaganadera.com\/unsere-philosophie\/"},"modified":"2026-02-07T14:51:48","modified_gmt":"2026-02-07T14:51:48","slug":"unsere-philosophie","status":"publish","type":"page","link":"https:\/\/albaganadera.com\/de\/unsere-philosophie\/","title":{"rendered":"Unsere Philosophie"},"content":{"rendered":"\t\t<div data-elementor-type=\"wp-page\" data-elementor-id=\"222\" class=\"elementor elementor-222 elementor-16\" data-elementor-post-type=\"page\">\n\t\t\t\t<div class=\"elementor-element elementor-element-1710968 e-con-full e-flex e-con e-parent\" data-id=\"1710968\" data-element_type=\"container\" data-e-type=\"container\" data-settings=\"{&quot;background_background&quot;:&quot;classic&quot;}\">\n\t\t\t\t<div class=\"elementor-element elementor-element-4ec6e02 elementor-widget elementor-widget-heading\" data-id=\"4ec6e02\" data-element_type=\"widget\" data-e-type=\"widget\" data-widget_type=\"heading.default\">\n\t\t\t\t<div class=\"elementor-widget-container\">\n\t\t\t\t\t<h1 class=\"elementor-heading-title elementor-size-default\">Unsere Philosophie<\/h1>\t\t\t\t<\/div>\n\t\t\t\t<\/div>\n\t\t\t\t<div class=\"elementor-element elementor-element-9fe25f9 elementor-widget__width-initial elementor-widget elementor-widget-text-editor\" data-id=\"9fe25f9\" data-element_type=\"widget\" data-e-type=\"widget\" data-widget_type=\"text-editor.default\">\n\t\t\t\t<div class=\"elementor-widget-container\">\n\t\t\t\t\t\t\t\t\t<p>Die Erfahrung, die wir seit 2003 im Bereich der \u00f6kologischen Schweinezucht gesammelt haben, hat uns dazu gebracht, einen Traum zu verwirklichen, der heute lebendiger und st\u00e4rker ist als je zuvor.<\/p><p>Wir glauben fest daran, dass niemand in allem der Beste sein kann. Deshalb haben wir uns von Anfang an darauf konzentriert, die Versorgung mit Rohstoffen durch unsere eigenen Farmen zu sichern. In der Folge haben wir begonnen, mit den besten Bio-Wurstherstellern des Landes zusammenzuarbeiten. Sie bringen ihre Erfahrung und ihr Wissen mit, w\u00e4hrend wir unser Rohmaterial mitbringen. Das Ergebnis dieser Zusammenarbeit ist ein Produkt von h\u00f6chster Qualit\u00e4t. Die Zusammenarbeit mit den Besten hat es uns erm\u00f6glicht, die anspruchsvollsten Kunden in verschiedenen L\u00e4ndern wie Frankreich, Deutschland, Belgien, D\u00e4nemark und anderen zu bedienen.<\/p><p>Es wird immer dringender, die Produktionsprozesse sowohl in der Landwirtschaft als auch in der Viehzucht auf nachhaltigere Praktiken umzustellen. Der Klimawandel, der Verlust der biologischen Vielfalt und die Auswirkungen, die wir auf die Umwelt haben, sowie die damit verbundenen sozialen Probleme machen einen Wandel unumg\u00e4nglich.<\/p><p>In unserem Fall lag der Schwerpunkt schon immer auf \u00f6kologischer und nachhaltiger Viehzucht. Alles, was wir seit 2003 auf dem Gebiet der Bio-Schweine gelernt haben, hat es uns erm\u00f6glicht, ein Projekt zu entwickeln, das st\u00e4rker denn je w\u00e4chst. Indem wir auf Spezialisierung setzen, sichern wir zun\u00e4chst die Versorgung mit Rohstoffen durch unsere eigenen Farmen. In der Folge haben wir uns mit den f\u00fchrenden Bio-Wurstherstellern des Landes zusammengetan, die ihre Erfahrung und ihr Know-how einbringen. Diese Synergie erm\u00f6glicht es uns, ein exzellentes Produkt zu schaffen, das der Schl\u00fcssel zur Bedienung der anspruchsvollsten M\u00e4rkte und zur internationalen Expansion ist.<\/p>\t\t\t\t\t\t\t\t<\/div>\n\t\t\t\t<\/div>\n\t\t\t\t<div class=\"elementor-element elementor-element-e8f6936 elementor-align-center elementor-widget elementor-widget-button\" data-id=\"e8f6936\" data-element_type=\"widget\" data-e-type=\"widget\" data-widget_type=\"button.default\">\n\t\t\t\t<div class=\"elementor-widget-container\">\n\t\t\t\t\t\t\t\t\t<div class=\"elementor-button-wrapper\">\n\t\t\t\t\t<a class=\"elementor-button elementor-button-link elementor-size-sm\" href=\"https:\/\/albaganadera.com\/de\/ganaderia-propia\/\">\n\t\t\t\t\t\t<span class=\"elementor-button-content-wrapper\">\n\t\t\t\t\t\t\t\t\t<span class=\"elementor-button-text\">EIGENES WILD<\/span>\n\t\t\t\t\t<\/span>\n\t\t\t\t\t<\/a>\n\t\t\t\t<\/div>\n\t\t\t\t\t\t\t\t<\/div>\n\t\t\t\t<\/div>\n\t\t\t\t<\/div>\n\t\t<div class=\"elementor-element elementor-element-7e7655c1 e-con-full e-flex e-con e-parent\" data-id=\"7e7655c1\" data-element_type=\"container\" data-e-type=\"container\">\n\t\t<div class=\"elementor-element elementor-element-288eb868 e-flex e-con-boxed e-con e-child\" data-id=\"288eb868\" data-element_type=\"container\" data-e-type=\"container\" data-settings=\"{&quot;background_background&quot;:&quot;classic&quot;}\">\n\t\t\t\t\t<div class=\"e-con-inner\">\n\t\t\t\t\t<\/div>\n\t\t\t\t<\/div>\n\t\t<div class=\"elementor-element elementor-element-1bed4419 e-flex e-con-boxed e-con e-child\" data-id=\"1bed4419\" data-element_type=\"container\" data-e-type=\"container\" data-settings=\"{&quot;background_background&quot;:&quot;classic&quot;}\">\n\t\t\t\t\t<div class=\"e-con-inner\">\n\t\t\t\t\t<\/div>\n\t\t\t\t<\/div>\n\t\t<div class=\"elementor-element elementor-element-0ccabec e-flex e-con-boxed e-con e-child\" data-id=\"0ccabec\" data-element_type=\"container\" data-e-type=\"container\" data-settings=\"{&quot;background_background&quot;:&quot;classic&quot;}\">\n\t\t\t\t\t<div class=\"e-con-inner\">\n\t\t\t\t\t<\/div>\n\t\t\t\t<\/div>\n\t\t<div class=\"elementor-element elementor-element-bcb28a7 e-flex e-con-boxed e-con e-child\" data-id=\"bcb28a7\" data-element_type=\"container\" data-e-type=\"container\" data-settings=\"{&quot;background_background&quot;:&quot;classic&quot;}\">\n\t\t\t\t\t<div class=\"e-con-inner\">\n\t\t\t\t\t<\/div>\n\t\t\t\t<\/div>\n\t\t\t\t<\/div>\n\t\t\t\t<\/div>\n\t\t","protected":false},"excerpt":{"rendered":"<p>Unsere Philosophie Die Erfahrung, die wir seit 2003 im Bereich der \u00f6kologischen Schweinezucht gesammelt haben, hat uns dazu gebracht, einen Traum zu verwirklichen, der heute lebendiger und st\u00e4rker ist als je zuvor. Wir glauben fest daran, dass niemand in allem der Beste sein kann. Deshalb haben wir uns von Anfang an darauf konzentriert, die Versorgung [&hellip;]<\/p>\n","protected":false},"author":1,"featured_media":0,"parent":0,"menu_order":0,"comment_status":"closed","ping_status":"closed","template":"","meta":{"footnotes":""},"class_list":["post-222","page","type-page","status-publish","hentry"],"_links":{"self":[{"href":"https:\/\/albaganadera.com\/de\/wp-json\/wp\/v2\/pages\/222","targetHints":{"allow":["GET"]}}],"collection":[{"href":"https:\/\/albaganadera.com\/de\/wp-json\/wp\/v2\/pages"}],"about":[{"href":"https:\/\/albaganadera.com\/de\/wp-json\/wp\/v2\/types\/page"}],"author":[{"embeddable":true,"href":"https:\/\/albaganadera.com\/de\/wp-json\/wp\/v2\/users\/1"}],"replies":[{"embeddable":true,"href":"https:\/\/albaganadera.com\/de\/wp-json\/wp\/v2\/comments?post=222"}],"version-history":[{"count":9,"href":"https:\/\/albaganadera.com\/de\/wp-json\/wp\/v2\/pages\/222\/revisions"}],"predecessor-version":[{"id":864,"href":"https:\/\/albaganadera.com\/de\/wp-json\/wp\/v2\/pages\/222\/revisions\/864"}],"wp:attachment":[{"href":"https:\/\/albaganadera.com\/de\/wp-json\/wp\/v2\/media?parent=222"}],"curies":[{"name":"wp","href":"https:\/\/api.w.org\/{rel}","templated":true}]}}